{"id":21,"date":"2018-04-06T15:42:47","date_gmt":"2018-04-06T15:42:47","guid":{"rendered":"https:\/\/www.arrosagedujardin.fr\/guide\/?page_id=21"},"modified":"2026-02-16T18:06:39","modified_gmt":"2026-02-16T18:06:39","slug":"binage-et-paillage","status":"publish","type":"page","link":"https:\/\/www.arrosagedujardin.fr\/guide\/binage-et-paillage\/","title":{"rendered":"Binage et paillage"},"content":{"rendered":"\n<div id=\"ez-toc-container\" class=\"ez-toc-v2_0_71 counter-hierarchy ez-toc-counter ez-toc-grey ez-toc-container-direction\">\n<div class=\"ez-toc-title-container\">\n<p class=\"ez-toc-title\" style=\"cursor:inherit\">Sommaire<\/p>\n<span class=\"ez-toc-title-toggle\"><a href=\"#\" class=\"ez-toc-pull-right ez-toc-btn ez-toc-btn-xs ez-toc-btn-default ez-toc-toggle\" aria-label=\"Toggle Table of Content\"><span class=\"ez-toc-js-icon-con\"><span class=\"\"><span class=\"eztoc-hide\" style=\"display:none;\">Toggle<\/span><span class=\"ez-toc-icon-toggle-span\"><svg style=\"fill: #999;color:#999\" xmlns=\"http:\/\/www.w3.org\/2000\/svg\" class=\"list-377408\" width=\"20px\" height=\"20px\" viewBox=\"0 0 24 24\" fill=\"none\"><path d=\"M6 6H4v2h2V6zm14 0H8v2h12V6zM4 11h2v2H4v-2zm16 0H8v2h12v-2zM4 16h2v2H4v-2zm16 0H8v2h12v-2z\" fill=\"currentColor\"><\/path><\/svg><svg style=\"fill: #999;color:#999\" class=\"arrow-unsorted-368013\" xmlns=\"http:\/\/www.w3.org\/2000\/svg\" width=\"10px\" height=\"10px\" viewBox=\"0 0 24 24\" version=\"1.2\" baseProfile=\"tiny\"><path d=\"M18.2 9.3l-6.2-6.3-6.2 6.3c-.2.2-.3.4-.3.7s.1.5.3.7c.2.2.4.3.7.3h11c.3 0 .5-.1.7-.3.2-.2.3-.5.3-.7s-.1-.5-.3-.7zM5.8 14.7l6.2 6.3 6.2-6.3c.2-.2.3-.5.3-.7s-.1-.5-.3-.7c-.2-.2-.4-.3-.7-.3h-11c-.3 0-.5.1-.7.3-.2.2-.3.5-.3.7s.1.5.3.7z\"\/><\/svg><\/span><\/span><\/span><\/a><\/span><\/div>\n<nav><ul class='ez-toc-list ez-toc-list-level-1 eztoc-toggle-hide-by-default' ><li class='ez-toc-page-1 ez-toc-heading-level-1'><a class=\"ez-toc-link ez-toc-heading-1\" href=\"https:\/\/www.arrosagedujardin.fr\/guide\/binage-et-paillage\/#Larrosage_sans_arrosages_est-il_possible\" title=\"L&rsquo;arrosage sans arrosages est-il possible ?\">L&rsquo;arrosage sans arrosages est-il possible ?<\/a><ul class='ez-toc-list-level-2' ><li class='ez-toc-heading-level-2'><a class=\"ez-toc-link ez-toc-heading-2\" href=\"https:\/\/www.arrosagedujardin.fr\/guide\/binage-et-paillage\/#Le_binage\" title=\"Le binage\">Le binage<\/a><\/li><li class='ez-toc-page-1 ez-toc-heading-level-2'><a class=\"ez-toc-link ez-toc-heading-3\" href=\"https:\/\/www.arrosagedujardin.fr\/guide\/binage-et-paillage\/#Le_paillaige\" title=\"Le paillaige\">Le paillaige<\/a><ul class='ez-toc-list-level-5' ><li class='ez-toc-heading-level-5'><ul class='ez-toc-list-level-5' ><li class='ez-toc-heading-level-5'><ul class='ez-toc-list-level-5' ><li class='ez-toc-heading-level-5'><a class=\"ez-toc-link ez-toc-heading-4\" href=\"https:\/\/www.arrosagedujardin.fr\/guide\/binage-et-paillage\/#Decouvrez_nos_autres_articles_sur_loptimisation_deau\" title=\"D\u00e9couvrez nos autres articles sur l&rsquo;optimisation d&rsquo;eau\">D\u00e9couvrez nos autres articles sur l&rsquo;optimisation d&rsquo;eau<\/a><\/li><\/ul><\/li><\/ul><\/li><\/ul><\/li><\/ul><\/li><\/ul><\/nav><\/div>\n<h1><span class=\"ez-toc-section\" id=\"Larrosage_sans_arrosages_est-il_possible\"><\/span>L&rsquo;arrosage sans arrosages est-il possible ?<span class=\"ez-toc-section-end\"><\/span><\/h1>\n\n\n<p>[no_toc]<\/p>\n\n\n\n<p>Au potager comme au jardin d&rsquo;agr\u00e9ment, <a href=\"https:\/\/www.arrosagedujardin.fr\/guide\/arrosage\/\">arroser<\/a> sans arrosage ou presque c&rsquo;est possible gr\u00e2ce au binage et au paillage. <\/p>\n\n\n\n<p>Ces deux techniques tr\u00e8s faciles \u00e0 mettre en pratique all\u00e8gent les volumes d&rsquo;eau apport\u00e9s et la facture \u00e0 payer pendant l&rsquo;\u00e9t\u00e9.<\/p>\n\n\n\n<p>L&rsquo;association de l&rsquo;eau et de la chaleur fait appara\u00eetre une cro\u00fbte \u00e0 la surface du sol que l&rsquo;on appelle cro\u00fbte de battance. <\/p>\n\n\n\n<p>Les particules min\u00e9rales tr\u00e8s fines du sol, les limons et les argiles s\u00e8chent au soleil et durcissent comme de la terre cuite.<\/p>\n\n\n<div class=\"fox-placeholder fox-search-placeholder fox-skeleton-wrap fox-skeleton-wrap--grid\" data-search=\"1\" data-cache-key=\"57c148370f6eb5b83ac3\" data-keyword=\"binette gardena\" data-node=\"\" data-locale=\"FR\" data-count=\"3\" data-sort=\"Featured\" data-layout=\"grid\" data-title=\"\" data-class=\"\" data-worker=\"1\"><div class=\"fox-skeleton-card fox-skeleton-card--vertical\"><div class=\"fox-skeleton__image fox-skeleton__image--tall fox-shimmer\"><\/div><div class=\"fox-skeleton__body\"><div class=\"fox-skeleton__line fox-skeleton__line--title fox-shimmer\"><\/div><div class=\"fox-skeleton__line fox-skeleton__line--short fox-shimmer\"><\/div><div class=\"fox-skeleton__footer\"><div class=\"fox-skeleton__line fox-skeleton__line--price fox-shimmer\"><\/div><div class=\"fox-skeleton__line fox-skeleton__line--btn fox-shimmer\"><\/div><\/div><\/div><\/div><div class=\"fox-skeleton-card fox-skeleton-card--vertical\"><div class=\"fox-skeleton__image fox-skeleton__image--tall fox-shimmer\"><\/div><div class=\"fox-skeleton__body\"><div class=\"fox-skeleton__line fox-skeleton__line--title fox-shimmer\"><\/div><div class=\"fox-skeleton__line fox-skeleton__line--short fox-shimmer\"><\/div><div class=\"fox-skeleton__footer\"><div class=\"fox-skeleton__line fox-skeleton__line--price fox-shimmer\"><\/div><div class=\"fox-skeleton__line fox-skeleton__line--btn fox-shimmer\"><\/div><\/div><\/div><\/div><div class=\"fox-skeleton-card fox-skeleton-card--vertical\"><div class=\"fox-skeleton__image fox-skeleton__image--tall fox-shimmer\"><\/div><div class=\"fox-skeleton__body\"><div class=\"fox-skeleton__line fox-skeleton__line--title fox-shimmer\"><\/div><div class=\"fox-skeleton__line fox-skeleton__line--short fox-shimmer\"><\/div><div class=\"fox-skeleton__footer\"><div class=\"fox-skeleton__line fox-skeleton__line--price fox-shimmer\"><\/div><div class=\"fox-skeleton__line fox-skeleton__line--btn fox-shimmer\"><\/div><\/div><\/div><\/div><\/div>\n\n\n\n<h2><span class=\"ez-toc-section\" id=\"Le_binage\"><\/span>Le binage<span class=\"ez-toc-section-end\"><\/span><\/h2>\n\n\n\n<p>Lorsqu&rsquo;on arrose, l&rsquo;eau a du mal \u00e0 p\u00e9n\u00e9trer dans le sol. <\/p>\n\n\n\n<p>Pour y rem\u00e9dier le jardinier brise r\u00e9guli\u00e8rement cette cro\u00fbte \u00e0 l&rsquo;aide d&rsquo;une<br><b>binette<\/b> qui permet d&rsquo;abolir la terre en surface et d&rsquo;\u00e9liminer les plantes concurrentes.<\/p>\n\n\n\n<p>L&rsquo;eau d&rsquo;arrosage ou de pluie p\u00e9n\u00e8tre ensuite mieux dans la terre pour atteindre les racines. <\/p>\n\n\n\n<p>Le binage a un autre int\u00e9r\u00eat : il \u00e9limine les crevasses par lesquelles l&rsquo;eau s&rsquo;\u00e9vapore, ce qui explique le vieil adage un <b>binage vaut deux arrosages.<\/b> L&rsquo;eau p\u00e9n\u00e8tre mieux dans le sol et ne peut plus s&rsquo;en \u00e9chapper.<\/p>\n\n\n\n<p>Le paillage a ainsi une action doublement b\u00e9n\u00e9fique sur les \u00e9conomies d&rsquo;eau.<\/p>\n\n\n\n<h2><span class=\"ez-toc-section\" id=\"Le_paillaige\"><\/span>Le paillaige<span class=\"ez-toc-section-end\"><\/span><\/h2>\n\n\n\n<div class=\"fox-placeholder fox-search-placeholder fox-skeleton-wrap fox-skeleton-wrap--grid\" data-search=\"1\" data-cache-key=\"bb7ebecf049c70dd6ec3\" data-keyword=\"paillage\" data-node=\"\" data-locale=\"FR\" data-count=\"3\" data-sort=\"Featured\" data-layout=\"grid\" data-title=\"\" data-class=\"\" data-worker=\"1\"><div class=\"fox-skeleton-card fox-skeleton-card--vertical\"><div class=\"fox-skeleton__image fox-skeleton__image--tall fox-shimmer\"><\/div><div class=\"fox-skeleton__body\"><div class=\"fox-skeleton__line fox-skeleton__line--title fox-shimmer\"><\/div><div class=\"fox-skeleton__line fox-skeleton__line--short fox-shimmer\"><\/div><div class=\"fox-skeleton__footer\"><div class=\"fox-skeleton__line fox-skeleton__line--price fox-shimmer\"><\/div><div class=\"fox-skeleton__line fox-skeleton__line--btn fox-shimmer\"><\/div><\/div><\/div><\/div><div class=\"fox-skeleton-card fox-skeleton-card--vertical\"><div class=\"fox-skeleton__image fox-skeleton__image--tall fox-shimmer\"><\/div><div class=\"fox-skeleton__body\"><div class=\"fox-skeleton__line fox-skeleton__line--title fox-shimmer\"><\/div><div class=\"fox-skeleton__line fox-skeleton__line--short fox-shimmer\"><\/div><div class=\"fox-skeleton__footer\"><div class=\"fox-skeleton__line fox-skeleton__line--price fox-shimmer\"><\/div><div class=\"fox-skeleton__line fox-skeleton__line--btn fox-shimmer\"><\/div><\/div><\/div><\/div><div class=\"fox-skeleton-card fox-skeleton-card--vertical\"><div class=\"fox-skeleton__image fox-skeleton__image--tall fox-shimmer\"><\/div><div class=\"fox-skeleton__body\"><div class=\"fox-skeleton__line fox-skeleton__line--title fox-shimmer\"><\/div><div class=\"fox-skeleton__line fox-skeleton__line--short fox-shimmer\"><\/div><div class=\"fox-skeleton__footer\"><div class=\"fox-skeleton__line fox-skeleton__line--price fox-shimmer\"><\/div><div class=\"fox-skeleton__line fox-skeleton__line--btn fox-shimmer\"><\/div><\/div><\/div><\/div><\/div>\n\n\n\n<p>\u00c9tal\u00e9 sur le sol sur une \u00e9paisseur de 5 \u00e0 10 cm, le paillis permet de le prot\u00e9ger de la chaleur, ainsi le jardinier isole la surface de la terre comme un artisan isole le toit d&rsquo;une maison. <\/p>\n\n\n\n<p>L&rsquo;eau s&rsquo;\u00e9vapore aussi beaucoup moins, le <a href=\"https:\/\/www.arrosagedujardin.fr\/blog\/le-paillage-pour-un-jardin-sain-et-florissant\/\">paillage<\/a> prot\u00e8ge \u00e9galement la terre des pluies battantes et emp\u00eache la formation de cette fameuse cro\u00fbte de battance.<\/p>\n\n\n\n<p>Toutes sortes de mati\u00e8res biod\u00e9gradables peuvent \u00eatre utilis\u00e9s du broyage de branches des tontes de gazon, s\u00e9cher des feuilles mortes de la paille, du compost grossier, des tiges concass\u00e9, de la paillette de chanvre, les coques de f\u00e8ves de cacao.<\/p>\n\n\n\n<p>Lorsqu&rsquo;il pleut ou que l&rsquo;on arrose, le paillis joue le r\u00f4le d&rsquo;une \u00e9ponge absorbant l&rsquo;eau en surface pour la restituer progressivement aux racines. <\/p>\n\n\n\n<p>En r\u00e9sum\u00e9, si un binage vaut deux arrosages,&nbsp;<b>un paillage vaut deux binages<\/b>, faites vos comptes \ud83d\ude42<\/p>\n\n\n\n<p>Enfin, il faut savoir que les semis et jeunes plantules sont comme les enfants ils sont plus sensibles aux coups de soleil il faut donc leur faire de l&rsquo;ombre.<\/p>\n\n\n\n<h5><span class=\"ez-toc-section\" id=\"Decouvrez_nos_autres_articles_sur_loptimisation_deau\"><\/span>D\u00e9couvrez nos autres articles sur l&rsquo;optimisation d&rsquo;eau<span class=\"ez-toc-section-end\"><\/span><\/h5>\n\n\n\n<ul><li><a href=\"https:\/\/www.arrosagedujardin.fr\/guide\/arrosage-tuyau\/\">Arrosage au tuyau<\/a><\/li><li><a href=\"https:\/\/www.arrosagedujardin.fr\/guide\/arrosage-tuyau\/\">Arrosage tuyau<\/a><\/li><li><a href=\"https:\/\/www.arrosagedujardin.fr\/guide\/systeme-d-arrosage-automatique\/\">Syst\u00e8me d&rsquo;arrosage automatique<\/a><\/li><li><a href=\"https:\/\/www.arrosagedujardin.fr\/guide\/pompe-a-eau-de-jardin\/\">Utiliser une pompe \u00e0 eau de jardin<\/a><\/li><\/ul>\n","protected":false},"excerpt":{"rendered":"<p>L&rsquo;arrosage sans arrosages est-il possible ? Au potager comme au jardin d&rsquo;agr\u00e9ment, sans arrosage ou presque c&rsquo;est possible gr\u00e2ce au binage et au paillage. Ces deux techniques tr\u00e8s faciles \u00e0 mettre en pratique all\u00e8gent les volumes d&rsquo;eau apport\u00e9s et la facture \u00e0 payer pendant l&rsquo;\u00e9t\u00e9. L&rsquo;association de l&rsquo;eau et de la chaleur fait appara\u00eetre une [&hellip;]<\/p>\n","protected":false},"author":1,"featured_media":0,"parent":0,"menu_order":0,"comment_status":"closed","ping_status":"closed","template":"","meta":{"_links_to":"","_links_to_target":""},"yoast_head":"<!-- This site is optimized with the Yoast SEO plugin v20.6 - https:\/\/yoast.com\/wordpress\/plugins\/seo\/ -->\n<title>Binage et paillage<\/title>\n<meta name=\"robots\" content=\"index, follow, max-snippet:-1, max-image-preview:large, max-video-preview:-1\" \/>\n<link rel=\"canonical\" href=\"https:\/\/www.arrosagedujardin.fr\/guide\/binage-et-paillage\/\" \/>\n<meta property=\"og:locale\" content=\"fr_FR\" \/>\n<meta property=\"og:type\" content=\"article\" \/>\n<meta property=\"og:title\" content=\"Binage et paillage\" \/>\n<meta property=\"og:description\" content=\"L&rsquo;arrosage sans arrosages est-il possible ? Au potager comme au jardin d&rsquo;agr\u00e9ment, sans arrosage ou presque c&rsquo;est possible gr\u00e2ce au binage et au paillage. Ces deux techniques tr\u00e8s faciles \u00e0 mettre en pratique all\u00e8gent les volumes d&rsquo;eau apport\u00e9s et la facture \u00e0 payer pendant l&rsquo;\u00e9t\u00e9. L&rsquo;association de l&rsquo;eau et de la chaleur fait appara\u00eetre une [&hellip;]\" \/>\n<meta property=\"og:url\" content=\"https:\/\/www.arrosagedujardin.fr\/guide\/binage-et-paillage\/\" \/>\n<meta property=\"article:modified_time\" content=\"2026-02-16T18:06:39+00:00\" \/>\n<meta name=\"twitter:card\" content=\"summary_large_image\" \/>\n<meta name=\"twitter:label1\" content=\"Dur\u00e9e de lecture estim\u00e9e\" \/>\n\t<meta name=\"twitter:data1\" content=\"3 minutes\" \/>\n<script type=\"application\/ld+json\" class=\"yoast-schema-graph\">{\"@context\":\"https:\/\/schema.org\",\"@graph\":[{\"@type\":\"WebPage\",\"@id\":\"https:\/\/www.arrosagedujardin.fr\/guide\/binage-et-paillage\/\",\"url\":\"https:\/\/www.arrosagedujardin.fr\/guide\/binage-et-paillage\/\",\"name\":\"Binage et paillage\",\"isPartOf\":{\"@id\":\"https:\/\/www.arrosagedujardin.fr\/guide\/#website\"},\"datePublished\":\"2018-04-06T15:42:47+00:00\",\"dateModified\":\"2026-02-16T18:06:39+00:00\",\"breadcrumb\":{\"@id\":\"https:\/\/www.arrosagedujardin.fr\/guide\/binage-et-paillage\/#breadcrumb\"},\"inLanguage\":\"fr-FR\",\"potentialAction\":[{\"@type\":\"ReadAction\",\"target\":[\"https:\/\/www.arrosagedujardin.fr\/guide\/binage-et-paillage\/\"]}]},{\"@type\":\"BreadcrumbList\",\"@id\":\"https:\/\/www.arrosagedujardin.fr\/guide\/binage-et-paillage\/#breadcrumb\",\"itemListElement\":[{\"@type\":\"ListItem\",\"position\":1,\"name\":\"Home\",\"item\":\"https:\/\/www.arrosagedujardin.fr\/guide\/\"},{\"@type\":\"ListItem\",\"position\":2,\"name\":\"Binage et paillage\"}]},{\"@type\":\"WebSite\",\"@id\":\"https:\/\/www.arrosagedujardin.fr\/guide\/#website\",\"url\":\"https:\/\/www.arrosagedujardin.fr\/guide\/\",\"name\":\"\",\"description\":\"Guide sur l&#039;entretien et l&#039;arrosage du jardin\",\"potentialAction\":[{\"@type\":\"SearchAction\",\"target\":{\"@type\":\"EntryPoint\",\"urlTemplate\":\"https:\/\/www.arrosagedujardin.fr\/guide\/?s={search_term_string}\"},\"query-input\":\"required name=search_term_string\"}],\"inLanguage\":\"fr-FR\"}]}<\/script>\n<!-- \/ Yoast SEO plugin. -->","yoast_head_json":{"title":"Binage et paillage","robots":{"index":"index","follow":"follow","max-snippet":"max-snippet:-1","max-image-preview":"max-image-preview:large","max-video-preview":"max-video-preview:-1"},"canonical":"https:\/\/www.arrosagedujardin.fr\/guide\/binage-et-paillage\/","og_locale":"fr_FR","og_type":"article","og_title":"Binage et paillage","og_description":"L&rsquo;arrosage sans arrosages est-il possible ? Au potager comme au jardin d&rsquo;agr\u00e9ment, sans arrosage ou presque c&rsquo;est possible gr\u00e2ce au binage et au paillage. Ces deux techniques tr\u00e8s faciles \u00e0 mettre en pratique all\u00e8gent les volumes d&rsquo;eau apport\u00e9s et la facture \u00e0 payer pendant l&rsquo;\u00e9t\u00e9. L&rsquo;association de l&rsquo;eau et de la chaleur fait appara\u00eetre une [&hellip;]","og_url":"https:\/\/www.arrosagedujardin.fr\/guide\/binage-et-paillage\/","article_modified_time":"2026-02-16T18:06:39+00:00","twitter_card":"summary_large_image","twitter_misc":{"Dur\u00e9e de lecture estim\u00e9e":"3 minutes"},"schema":{"@context":"https:\/\/schema.org","@graph":[{"@type":"WebPage","@id":"https:\/\/www.arrosagedujardin.fr\/guide\/binage-et-paillage\/","url":"https:\/\/www.arrosagedujardin.fr\/guide\/binage-et-paillage\/","name":"Binage et paillage","isPartOf":{"@id":"https:\/\/www.arrosagedujardin.fr\/guide\/#website"},"datePublished":"2018-04-06T15:42:47+00:00","dateModified":"2026-02-16T18:06:39+00:00","breadcrumb":{"@id":"https:\/\/www.arrosagedujardin.fr\/guide\/binage-et-paillage\/#breadcrumb"},"inLanguage":"fr-FR","potentialAction":[{"@type":"ReadAction","target":["https:\/\/www.arrosagedujardin.fr\/guide\/binage-et-paillage\/"]}]},{"@type":"BreadcrumbList","@id":"https:\/\/www.arrosagedujardin.fr\/guide\/binage-et-paillage\/#breadcrumb","itemListElement":[{"@type":"ListItem","position":1,"name":"Home","item":"https:\/\/www.arrosagedujardin.fr\/guide\/"},{"@type":"ListItem","position":2,"name":"Binage et paillage"}]},{"@type":"WebSite","@id":"https:\/\/www.arrosagedujardin.fr\/guide\/#website","url":"https:\/\/www.arrosagedujardin.fr\/guide\/","name":"","description":"Guide sur l&#039;entretien et l&#039;arrosage du jardin","potentialAction":[{"@type":"SearchAction","target":{"@type":"EntryPoint","urlTemplate":"https:\/\/www.arrosagedujardin.fr\/guide\/?s={search_term_string}"},"query-input":"required name=search_term_string"}],"inLanguage":"fr-FR"}]}},"_links":{"self":[{"href":"https:\/\/www.arrosagedujardin.fr\/guide\/wp-json\/wp\/v2\/pages\/21"}],"collection":[{"href":"https:\/\/www.arrosagedujardin.fr\/guide\/wp-json\/wp\/v2\/pages"}],"about":[{"href":"https:\/\/www.arrosagedujardin.fr\/guide\/wp-json\/wp\/v2\/types\/page"}],"author":[{"embeddable":true,"href":"https:\/\/www.arrosagedujardin.fr\/guide\/wp-json\/wp\/v2\/users\/1"}],"replies":[{"embeddable":true,"href":"https:\/\/www.arrosagedujardin.fr\/guide\/wp-json\/wp\/v2\/comments?post=21"}],"version-history":[{"count":44,"href":"https:\/\/www.arrosagedujardin.fr\/guide\/wp-json\/wp\/v2\/pages\/21\/revisions"}],"predecessor-version":[{"id":8024,"href":"https:\/\/www.arrosagedujardin.fr\/guide\/wp-json\/wp\/v2\/pages\/21\/revisions\/8024"}],"wp:attachment":[{"href":"https:\/\/www.arrosagedujardin.fr\/guide\/wp-json\/wp\/v2\/media?parent=21"}],"curies":[{"name":"wp","href":"https:\/\/api.w.org\/{rel}","templated":true}]}}