{"id":6166,"date":"2022-06-20T16:42:22","date_gmt":"2022-06-20T16:42:22","guid":{"rendered":"https:\/\/www.arrosagedujardin.fr\/guide\/?p=6166"},"modified":"2022-06-20T16:51:41","modified_gmt":"2022-06-20T16:51:41","slug":"la-realisation-dun-jardin-japonais-traditionnel","status":"publish","type":"page","link":"https:\/\/www.arrosagedujardin.fr\/guide\/la-realisation-dun-jardin-japonais-traditionnel\/","title":{"rendered":"La r\u00e9alisation d\u2019un jardin japonais traditionnel"},"content":{"rendered":"\n<p>La r\u00e9alisation d\u2019un<strong>&nbsp;jardin&nbsp;japonais traditionnel<\/strong>&nbsp;est une exp\u00e9rience int\u00e9ressante. Celui-ci est tr\u00e8s tentant par son&nbsp;<strong>originalit\u00e9<\/strong>&nbsp;et sa simplicit\u00e9 m\u00e2tin\u00e9e d\u2019<strong>authenticit\u00e9<\/strong>.<\/p>\n\n\n\n<p>De plus, il s\u2019adapte aussi bien dans un espace restreint voir semi-clos qu\u2019en \u00e9tant tout ou partie d\u2019un jardin traditionnel de plus grande superficie. <\/p>\n\n\n\n<figure class=\"wp-block-image\"><img src=\"https:\/\/www.arrosagedujardin.fr\/guide\/wp-content\/uploads\/2022\/06\/obpce_x3j6u.jpg\" alt=\"black stacking stones on gray surface\"\/><\/figure>\n\n\n\n<p>N\u00e9anmoins il convient de ne pas agir \u00e0 la l\u00e9g\u00e8re. Nous vous proposons pour cela quelques&nbsp;<strong>conseils<\/strong>.<\/p>\n\n\n\n<p>Soyons francs d\u00e8s \u00e0 pr\u00e9sent : ce serait une gageure que de vouloir imiter les&nbsp;<strong>jardins<\/strong>&nbsp;des temples de&nbsp;<strong>Kyoto<\/strong>. <\/p>\n\n\n\n<p>N\u00e9anmoins, ceux-ci peuvent comme beaucoup d\u2019autres \u00eatre une source d\u2019inspiration fantastique pour <a href=\"https:\/\/www.arrosagedujardin.fr\/guide\/comment-decorer-son-jardin\/\">embellir son jardin<\/a> de mani\u00e8re originale.<\/p>\n\n\n\n<p>Voici donc quelques\u00a0<strong>conseils<\/strong>\u00a0de base.<\/p>\n\n\n\n<div id=\"ez-toc-container\" class=\"ez-toc-v2_0_71 counter-hierarchy ez-toc-counter ez-toc-grey ez-toc-container-direction\">\n<div class=\"ez-toc-title-container\">\n<p class=\"ez-toc-title\" style=\"cursor:inherit\">Sommaire<\/p>\n<span class=\"ez-toc-title-toggle\"><a href=\"#\" class=\"ez-toc-pull-right ez-toc-btn ez-toc-btn-xs ez-toc-btn-default ez-toc-toggle\" aria-label=\"Toggle Table of Content\"><span class=\"ez-toc-js-icon-con\"><span class=\"\"><span class=\"eztoc-hide\" style=\"display:none;\">Toggle<\/span><span class=\"ez-toc-icon-toggle-span\"><svg style=\"fill: #999;color:#999\" xmlns=\"http:\/\/www.w3.org\/2000\/svg\" class=\"list-377408\" width=\"20px\" height=\"20px\" viewBox=\"0 0 24 24\" fill=\"none\"><path d=\"M6 6H4v2h2V6zm14 0H8v2h12V6zM4 11h2v2H4v-2zm16 0H8v2h12v-2zM4 16h2v2H4v-2zm16 0H8v2h12v-2z\" fill=\"currentColor\"><\/path><\/svg><svg style=\"fill: #999;color:#999\" class=\"arrow-unsorted-368013\" xmlns=\"http:\/\/www.w3.org\/2000\/svg\" width=\"10px\" height=\"10px\" viewBox=\"0 0 24 24\" version=\"1.2\" baseProfile=\"tiny\"><path d=\"M18.2 9.3l-6.2-6.3-6.2 6.3c-.2.2-.3.4-.3.7s.1.5.3.7c.2.2.4.3.7.3h11c.3 0 .5-.1.7-.3.2-.2.3-.5.3-.7s-.1-.5-.3-.7zM5.8 14.7l6.2 6.3 6.2-6.3c.2-.2.3-.5.3-.7s-.1-.5-.3-.7c-.2-.2-.4-.3-.7-.3h-11c-.3 0-.5.1-.7.3-.2.2-.3.5-.3.7s.1.5.3.7z\"\/><\/svg><\/span><\/span><\/span><\/a><\/span><\/div>\n<nav><ul class='ez-toc-list ez-toc-list-level-1 eztoc-toggle-hide-by-default' ><li class='ez-toc-page-1 ez-toc-heading-level-2'><a class=\"ez-toc-link ez-toc-heading-1\" href=\"https:\/\/www.arrosagedujardin.fr\/guide\/la-realisation-dun-jardin-japonais-traditionnel\/#Quest-ce_quun_jardin_japonais\" title=\"Qu&rsquo;est-ce qu&rsquo;un jardin japonais ?\">Qu&rsquo;est-ce qu&rsquo;un jardin japonais ?<\/a><\/li><li class='ez-toc-page-1 ez-toc-heading-level-2'><a class=\"ez-toc-link ez-toc-heading-2\" href=\"https:\/\/www.arrosagedujardin.fr\/guide\/la-realisation-dun-jardin-japonais-traditionnel\/#Infrastructures_de_base\" title=\"Infrastructures de base\">Infrastructures de base<\/a><ul class='ez-toc-list-level-5' ><li class='ez-toc-heading-level-5'><ul class='ez-toc-list-level-5' ><li class='ez-toc-heading-level-5'><ul class='ez-toc-list-level-5' ><li class='ez-toc-heading-level-5'><a class=\"ez-toc-link ez-toc-heading-3\" href=\"https:\/\/www.arrosagedujardin.fr\/guide\/la-realisation-dun-jardin-japonais-traditionnel\/#Decoration_du_jardin\" title=\"D\u00e9coration du jardin\">D\u00e9coration du jardin<\/a><\/li><\/ul><\/li><\/ul><\/li><\/ul><\/li><\/ul><\/nav><\/div>\n\n\n\n\n<h2><span class=\"ez-toc-section\" id=\"Quest-ce_quun_jardin_japonais\"><\/span>Qu&rsquo;est-ce qu&rsquo;un jardin japonais ?<span class=\"ez-toc-section-end\"><\/span><\/h2>\n\n\n\n<p>Les jardins japonais sont des lieux de calme simples et sereins, offrant une retraite paisible pour la r\u00e9flexion et la m\u00e9ditation. <\/p>\n\n\n\n<p>Ils \u00e9vitent tout ce qui est extravagance et se composent principalement d&rsquo;arbres \u00e0 feuilles persistantes, de rochers, de bassins et de cascades, de galets, de sable.<\/p>\n\n\n\n<p>Toute architecture pr\u00e9sente dans le jardin tend \u00e0 \u00eatre minimaliste, l&rsquo;accent \u00e9tant mis sur le paysage naturel plut\u00f4t que sur des motifs \u00e9labor\u00e9s et orn\u00e9s. <\/p>\n\n\n\n<p>Les \u00e9l\u00e9ments us\u00e9s et naturels sont int\u00e9gr\u00e9s dans les jardins, et les couleurs vives sont utilis\u00e9es de mani\u00e8re directe pour repr\u00e9senter les changements de saison.<\/p>\n\n\n\n<h2><span class=\"ez-toc-section\" id=\"Infrastructures_de_base\"><\/span>Infrastructures de base<span class=\"ez-toc-section-end\"><\/span><\/h2>\n\n\n\n<p>Tout d\u2019abord, vous pouvez penser aux limites de votre&nbsp;<strong>jardin japonais<\/strong>. <\/p>\n\n\n\n<p>Ainsi, un grillage n\u2019est pas du meilleur effet &nbsp;l\u2019inverse du paroi de bambou ou de bois. Les murs peuvent \u00e9galement \u00eatre camoufl\u00e9s par des palissades, dont la hauteur variera en fonction dudit mur. <\/p>\n\n\n\n<p>Un site pour avoir une id\u00e9e des diff\u00e9rents types de&nbsp;<strong>cl\u00f4tures<\/strong>&nbsp;(<em>gaki<\/em>).Il est \u00e9galement envisageable de mettre en place un&nbsp;<strong>bassin<\/strong>. <\/p>\n\n\n\n<p>Il peut s\u2019agir d\u2019un bassin d\u2019ablution (<em>tsukubai<\/em>), traditionnel des jardins de th\u00e9 (<em>chaniwa<\/em>), creus\u00e9 dans une pierre pr\u00e8s du sol. <\/p>\n\n\n\n<p>Ou bien encore d\u2019un bassin plus grand, o\u00f9 vous pourrez faire vivre des&nbsp;<strong>carpesko\u00ef<\/strong>&nbsp;par exemple. Voir nos conseils pour&nbsp;mettre en place un bassin.<\/p>\n\n\n\n<p>Quels sont les \u00e9l\u00e9ments d&rsquo;un jardin japonais ?<\/p>\n\n\n\n<p>Un jardin japonais se compose de six \u00e9l\u00e9ments cl\u00e9s :<\/p>\n\n\n\n<ol><li>L&rsquo;eau<\/li><\/ol>\n\n\n\n<p>L&rsquo;eau est une constante dans les jardins japonais, car elle refl\u00e8te la vie et son r\u00f4le fondamental dans l&rsquo;existence humaine. Les \u00e9tangs, les ruisseaux et les chutes d&rsquo;eau sont tous des \u00e9l\u00e9ments populaires. Dans les jardins de pierres s\u00e8ches connus sous le nom de jardins zen, l&rsquo;eau est plut\u00f4t symbolis\u00e9e par le sable.<\/p>\n\n\n\n<p>Les jardins traditionnels se composent d&rsquo;\u00e9tangs asym\u00e9triques, plac\u00e9s comme ils le seraient dans la nature. Les \u00e9tangs symbolisent l&rsquo;oc\u00e9an ou un lac, tandis que les cascades repr\u00e9sentent une version miniature des ruisseaux des montagnes japonaises. Il est conseill\u00e9 d&rsquo;orienter les chutes d&rsquo;eau vers la lune afin de capter son reflet.<\/p>\n\n\n\n<p>On pense que l&rsquo;eau qui coule d&rsquo;est en ouest chasse le mal et que son propri\u00e9taire aura une vie longue et saine. L&rsquo;eau qui coule du nord au sud est cens\u00e9e porter chance.<\/p>\n\n\n\n<ol start=\"2\"><li>Rochers<\/li><\/ol>\n\n\n\n<p>Les rochers sont un \u00e9l\u00e9ment important d&rsquo;un jardin japonais, et portent diff\u00e9rentes repr\u00e9sentations symboliques :<\/p>\n\n\n\n<pre class=\"wp-block-code\"><code>Rocher vertical - le mont Horai, le mont Sumuru ou une carpe sautante.\nRoches horizontales - \u00eeles ou terre\nSable et gravier - l'oc\u00e9an ou une rivi\u00e8re qui coule.\nRoches volcaniques rugueuses - les montagnes<\/code><\/pre>\n\n\n\n<p>Les roches lisses sont g\u00e9n\u00e9ralement utilis\u00e9es comme tremplins ou autour des lacs, tandis que les roches m\u00e9tamorphiques dures sont plac\u00e9es autour des cascades ou des cours d&rsquo;eau.<\/p>\n\n\n\n<p>Les arrangements de trois roches sont les plus courants dans les jardins japonais &#8211; la roche la plus haute repr\u00e9sente le ciel, la roche de taille moyenne l&rsquo;humanit\u00e9, et le pont entre le ciel et la terre est repr\u00e9sent\u00e9 par la roche la plus petite.<\/p>\n\n\n\n<p>Les rochers sont \u00e9galement \u00e9vidents en groupes de deux, cinq ou sept, et sont parfois plac\u00e9s dans une configuration al\u00e9atoire pour repr\u00e9senter la spontan\u00e9it\u00e9.<\/p>\n\n\n\n<ol start=\"3\"><li>Arbres et fleurs<\/li><\/ol>\n\n\n\n<p>Les arbres et les fleurs sont dispos\u00e9s avec soin pour cr\u00e9er une sc\u00e8ne pittoresque, ou pour cacher tout ce qui est disgracieux. Les arbres sont s\u00e9lectionn\u00e9s pour leurs couleurs automnales, et les fleurs sont choisies en fonction de leur saison de floraison. La mousse est souvent utilis\u00e9e pour sugg\u00e9rer que le jardin est ancien.<\/p>\n\n\n\n<p>Parmi les arbres et les fleurs les plus populaires, citons le lotus (sacr\u00e9 dans les enseignements bouddhistes), le pin (repr\u00e9sentant la long\u00e9vit\u00e9), l&rsquo;azal\u00e9e, le ch\u00eane, le bambou, le cerisier, l&rsquo;\u00e9rable et le gingko.<\/p>\n\n\n\n<ol start=\"4\"><li>Ponts et cl\u00f4tures<\/li><\/ol>\n\n\n\n<p>Les ponts sont connus pour symboliser le chemin vers le paradis et l&rsquo;immortalit\u00e9. Ils sont le plus souvent faits de mat\u00e9riaux naturels tels que le bois, la pierre ou les rondins recouverts de terre et de mousse. Ils sont soit arqu\u00e9s, soit plats, et sont devenus particuli\u00e8rement populaires \u00e0 l&rsquo;\u00e9poque Edo, lorsque les jardins \u00e0 \u00e9tages ont fait leur apparition (voir ci-dessous pour plus de d\u00e9tails).<\/p>\n\n\n\n<p>Les cl\u00f4tures sont faites de bambou ou de bois et restent simples. Elles sont soit des cl\u00f4tures int\u00e9rieures, soit des cl\u00f4tures ext\u00e9rieures, soit des cl\u00f4tures qui s&rsquo;\u00e9tendent de la maison au jardin.<\/p>\n\n\n\n<ol start=\"5\"><li>Lanternes en pierre et bassins d&rsquo;eau<\/li><\/ol>\n\n\n\n<figure class=\"wp-block-image\"><img src=\"https:\/\/www.arrosagedujardin.fr\/guide\/wp-content\/uploads\/2022\/06\/yz6ldlzu09c.jpg\" alt=\"water droplets on green leaves\"\/><\/figure>\n\n\n\n<p>Une lanterne en pierre fournit une lumi\u00e8re tamis\u00e9e qui \u00e9claire doucement les \u00e9l\u00e9ments du jardin, et repr\u00e9sente les quatre \u00e9l\u00e9ments naturels &#8211; le feu, l&rsquo;eau, la terre et le vent.<\/p>\n\n\n\n<p>Les bassins d&rsquo;eau en pierre sont destin\u00e9s aux visiteurs dans les jardins de th\u00e9, les invit\u00e9s devant se laver les mains et la bouche avant la c\u00e9r\u00e9monie du th\u00e9. L&rsquo;eau coule dans le bassin par un tuyau en bambou.<\/p>\n\n\n\n<ol start=\"6\"><li>Poissons<\/li><\/ol>\n\n\n\n<p>Les ko\u00efs sont des carpes communes domestiqu\u00e9es que l&rsquo;on trouve dans les jardins japonais. Ils ont \u00e9t\u00e9 d\u00e9velopp\u00e9s pour la premi\u00e8re fois au Japon dans les ann\u00e9es 1820, o\u00f9 les diff\u00e9rentes couleurs ont \u00e9t\u00e9 \u00e9tablies gr\u00e2ce \u00e0 un \u00e9levage minutieux. Koi est un homophone pour \u00ab\u00a0affection\u00a0\u00bb en japonais, et les poissons (connus localement sous le nom de nishikigoi) sont un symbole commun d&rsquo;amour et d&rsquo;amiti\u00e9.<\/p>\n\n\n\n<p><\/p>\n\n\n\n<h5><span class=\"ez-toc-section\" id=\"Decoration_du_jardin\"><\/span>D\u00e9coration du jardin<span class=\"ez-toc-section-end\"><\/span><\/h5>\n\n\n\n<ul><li><a href=\"https:\/\/www.arrosagedujardin.fr\/guide\/abri-de-jardin\/\">Abri de jardin<\/a><\/li><li><a href=\"https:\/\/www.arrosagedujardin.fr\/guide\/abri-de-jardin\/\">Bassin de jardin<\/a><\/li><li><a href=\"https:\/\/www.arrosagedujardin.fr\/guide\/bassin-de-jardin\/\">Jardin japonais<\/a> <\/li><\/ul>\n","protected":false},"excerpt":{"rendered":"<p>La r\u00e9alisation d\u2019un&nbsp;jardin&nbsp;japonais traditionnel&nbsp;est une exp\u00e9rience int\u00e9ressante. Celui-ci est tr\u00e8s tentant par son&nbsp;originalit\u00e9&nbsp;et sa simplicit\u00e9 m\u00e2tin\u00e9e d\u2019authenticit\u00e9. De plus, il s\u2019adapte aussi bien dans un espace restreint voir semi-clos qu\u2019en \u00e9tant tout ou partie d\u2019un jardin traditionnel de plus grande superficie. N\u00e9anmoins il convient de ne pas agir \u00e0 la l\u00e9g\u00e8re. Nous vous proposons pour [&hellip;]<\/p>\n","protected":false},"author":1,"featured_media":0,"parent":0,"menu_order":0,"comment_status":"open","ping_status":"open","template":"","meta":{"_links_to":"","_links_to_target":""},"yoast_head":"<!-- This site is optimized with the Yoast SEO plugin v20.6 - https:\/\/yoast.com\/wordpress\/plugins\/seo\/ -->\n<title>La r\u00e9alisation d\u2019un jardin japonais traditionnel<\/title>\n<meta name=\"robots\" content=\"index, follow, max-snippet:-1, max-image-preview:large, max-video-preview:-1\" \/>\n<link rel=\"canonical\" href=\"https:\/\/www.arrosagedujardin.fr\/guide\/?p=6166\" \/>\n<meta property=\"og:locale\" content=\"fr_FR\" \/>\n<meta property=\"og:type\" content=\"article\" \/>\n<meta property=\"og:title\" content=\"La r\u00e9alisation d\u2019un jardin japonais traditionnel\" \/>\n<meta property=\"og:description\" content=\"La r\u00e9alisation d\u2019un&nbsp;jardin&nbsp;japonais traditionnel&nbsp;est une exp\u00e9rience int\u00e9ressante. Celui-ci est tr\u00e8s tentant par son&nbsp;originalit\u00e9&nbsp;et sa simplicit\u00e9 m\u00e2tin\u00e9e d\u2019authenticit\u00e9. De plus, il s\u2019adapte aussi bien dans un espace restreint voir semi-clos qu\u2019en \u00e9tant tout ou partie d\u2019un jardin traditionnel de plus grande superficie. N\u00e9anmoins il convient de ne pas agir \u00e0 la l\u00e9g\u00e8re. Nous vous proposons pour [&hellip;]\" \/>\n<meta property=\"og:url\" content=\"https:\/\/www.arrosagedujardin.fr\/guide\/?p=6166\" \/>\n<meta property=\"article:published_time\" content=\"2022-06-20T16:42:22+00:00\" \/>\n<meta property=\"article:modified_time\" content=\"2022-06-20T16:51:41+00:00\" \/>\n<meta name=\"author\" content=\"adming\" \/>\n<meta name=\"twitter:card\" content=\"summary_large_image\" \/>\n<meta name=\"twitter:label1\" content=\"\u00c9crit par\" \/>\n\t<meta name=\"twitter:data1\" content=\"adming\" \/>\n\t<meta name=\"twitter:label2\" content=\"Dur\u00e9e de lecture estim\u00e9e\" \/>\n\t<meta name=\"twitter:data2\" content=\"5 minutes\" \/>\n<script type=\"application\/ld+json\" class=\"yoast-schema-graph\">{\"@context\":\"https:\/\/schema.org\",\"@graph\":[{\"@type\":\"WebPage\",\"@id\":\"https:\/\/www.arrosagedujardin.fr\/guide\/?p=6166\",\"url\":\"https:\/\/www.arrosagedujardin.fr\/guide\/?p=6166\",\"name\":\"La r\u00e9alisation d\u2019un jardin japonais traditionnel\",\"isPartOf\":{\"@id\":\"https:\/\/www.arrosagedujardin.fr\/guide\/#website\"},\"datePublished\":\"2022-06-20T16:42:22+00:00\",\"dateModified\":\"2022-06-20T16:51:41+00:00\",\"author\":{\"@id\":\"https:\/\/www.arrosagedujardin.fr\/guide\/#\/schema\/person\/df5834e6949fc1340e21d51dc324d7dc\"},\"breadcrumb\":{\"@id\":\"https:\/\/www.arrosagedujardin.fr\/guide\/?p=6166#breadcrumb\"},\"inLanguage\":\"fr-FR\",\"potentialAction\":[{\"@type\":\"ReadAction\",\"target\":[\"https:\/\/www.arrosagedujardin.fr\/guide\/?p=6166\"]}]},{\"@type\":\"BreadcrumbList\",\"@id\":\"https:\/\/www.arrosagedujardin.fr\/guide\/?p=6166#breadcrumb\",\"itemListElement\":[{\"@type\":\"ListItem\",\"position\":1,\"name\":\"Home\",\"item\":\"https:\/\/www.arrosagedujardin.fr\/guide\/\"},{\"@type\":\"ListItem\",\"position\":2,\"name\":\"La r\u00e9alisation d\u2019un jardin japonais traditionnel\"}]},{\"@type\":\"WebSite\",\"@id\":\"https:\/\/www.arrosagedujardin.fr\/guide\/#website\",\"url\":\"https:\/\/www.arrosagedujardin.fr\/guide\/\",\"name\":\"\",\"description\":\"Guide sur l&#039;entretien et l&#039;arrosage du jardin\",\"potentialAction\":[{\"@type\":\"SearchAction\",\"target\":{\"@type\":\"EntryPoint\",\"urlTemplate\":\"https:\/\/www.arrosagedujardin.fr\/guide\/?s={search_term_string}\"},\"query-input\":\"required name=search_term_string\"}],\"inLanguage\":\"fr-FR\"},{\"@type\":\"Person\",\"@id\":\"https:\/\/www.arrosagedujardin.fr\/guide\/#\/schema\/person\/df5834e6949fc1340e21d51dc324d7dc\",\"name\":\"adming\",\"image\":{\"@type\":\"ImageObject\",\"inLanguage\":\"fr-FR\",\"@id\":\"https:\/\/www.arrosagedujardin.fr\/guide\/#\/schema\/person\/image\/\",\"url\":\"https:\/\/secure.gravatar.com\/avatar\/656595bea26fd27098ec5520b96625de?s=96&d=mm&r=g\",\"contentUrl\":\"https:\/\/secure.gravatar.com\/avatar\/656595bea26fd27098ec5520b96625de?s=96&d=mm&r=g\",\"caption\":\"adming\"}}]}<\/script>\n<!-- \/ Yoast SEO plugin. -->","yoast_head_json":{"title":"La r\u00e9alisation d\u2019un jardin japonais traditionnel","robots":{"index":"index","follow":"follow","max-snippet":"max-snippet:-1","max-image-preview":"max-image-preview:large","max-video-preview":"max-video-preview:-1"},"canonical":"https:\/\/www.arrosagedujardin.fr\/guide\/?p=6166","og_locale":"fr_FR","og_type":"article","og_title":"La r\u00e9alisation d\u2019un jardin japonais traditionnel","og_description":"La r\u00e9alisation d\u2019un&nbsp;jardin&nbsp;japonais traditionnel&nbsp;est une exp\u00e9rience int\u00e9ressante. Celui-ci est tr\u00e8s tentant par son&nbsp;originalit\u00e9&nbsp;et sa simplicit\u00e9 m\u00e2tin\u00e9e d\u2019authenticit\u00e9. De plus, il s\u2019adapte aussi bien dans un espace restreint voir semi-clos qu\u2019en \u00e9tant tout ou partie d\u2019un jardin traditionnel de plus grande superficie. N\u00e9anmoins il convient de ne pas agir \u00e0 la l\u00e9g\u00e8re. Nous vous proposons pour [&hellip;]","og_url":"https:\/\/www.arrosagedujardin.fr\/guide\/?p=6166","article_published_time":"2022-06-20T16:42:22+00:00","article_modified_time":"2022-06-20T16:51:41+00:00","author":"adming","twitter_card":"summary_large_image","twitter_misc":{"\u00c9crit par":"adming","Dur\u00e9e de lecture estim\u00e9e":"5 minutes"},"schema":{"@context":"https:\/\/schema.org","@graph":[{"@type":"WebPage","@id":"https:\/\/www.arrosagedujardin.fr\/guide\/?p=6166","url":"https:\/\/www.arrosagedujardin.fr\/guide\/?p=6166","name":"La r\u00e9alisation d\u2019un jardin japonais traditionnel","isPartOf":{"@id":"https:\/\/www.arrosagedujardin.fr\/guide\/#website"},"datePublished":"2022-06-20T16:42:22+00:00","dateModified":"2022-06-20T16:51:41+00:00","author":{"@id":"https:\/\/www.arrosagedujardin.fr\/guide\/#\/schema\/person\/df5834e6949fc1340e21d51dc324d7dc"},"breadcrumb":{"@id":"https:\/\/www.arrosagedujardin.fr\/guide\/?p=6166#breadcrumb"},"inLanguage":"fr-FR","potentialAction":[{"@type":"ReadAction","target":["https:\/\/www.arrosagedujardin.fr\/guide\/?p=6166"]}]},{"@type":"BreadcrumbList","@id":"https:\/\/www.arrosagedujardin.fr\/guide\/?p=6166#breadcrumb","itemListElement":[{"@type":"ListItem","position":1,"name":"Home","item":"https:\/\/www.arrosagedujardin.fr\/guide\/"},{"@type":"ListItem","position":2,"name":"La r\u00e9alisation d\u2019un jardin japonais traditionnel"}]},{"@type":"WebSite","@id":"https:\/\/www.arrosagedujardin.fr\/guide\/#website","url":"https:\/\/www.arrosagedujardin.fr\/guide\/","name":"","description":"Guide sur l&#039;entretien et l&#039;arrosage du jardin","potentialAction":[{"@type":"SearchAction","target":{"@type":"EntryPoint","urlTemplate":"https:\/\/www.arrosagedujardin.fr\/guide\/?s={search_term_string}"},"query-input":"required name=search_term_string"}],"inLanguage":"fr-FR"},{"@type":"Person","@id":"https:\/\/www.arrosagedujardin.fr\/guide\/#\/schema\/person\/df5834e6949fc1340e21d51dc324d7dc","name":"adming","image":{"@type":"ImageObject","inLanguage":"fr-FR","@id":"https:\/\/www.arrosagedujardin.fr\/guide\/#\/schema\/person\/image\/","url":"https:\/\/secure.gravatar.com\/avatar\/656595bea26fd27098ec5520b96625de?s=96&d=mm&r=g","contentUrl":"https:\/\/secure.gravatar.com\/avatar\/656595bea26fd27098ec5520b96625de?s=96&d=mm&r=g","caption":"adming"}}]}},"_links":{"self":[{"href":"https:\/\/www.arrosagedujardin.fr\/guide\/wp-json\/wp\/v2\/pages\/6166"}],"collection":[{"href":"https:\/\/www.arrosagedujardin.fr\/guide\/wp-json\/wp\/v2\/pages"}],"about":[{"href":"https:\/\/www.arrosagedujardin.fr\/guide\/wp-json\/wp\/v2\/types\/page"}],"author":[{"embeddable":true,"href":"https:\/\/www.arrosagedujardin.fr\/guide\/wp-json\/wp\/v2\/users\/1"}],"replies":[{"embeddable":true,"href":"https:\/\/www.arrosagedujardin.fr\/guide\/wp-json\/wp\/v2\/comments?post=6166"}],"version-history":[{"count":6,"href":"https:\/\/www.arrosagedujardin.fr\/guide\/wp-json\/wp\/v2\/pages\/6166\/revisions"}],"predecessor-version":[{"id":7128,"href":"https:\/\/www.arrosagedujardin.fr\/guide\/wp-json\/wp\/v2\/pages\/6166\/revisions\/7128"}],"wp:attachment":[{"href":"https:\/\/www.arrosagedujardin.fr\/guide\/wp-json\/wp\/v2\/media?parent=6166"}],"curies":[{"name":"wp","href":"https:\/\/api.w.org\/{rel}","templated":true}]}}