{"id":6186,"date":"2022-03-28T18:35:40","date_gmt":"2022-03-28T18:35:40","guid":{"rendered":"https:\/\/www.arrosagedujardin.fr\/guide\/?p=6186"},"modified":"2026-05-04T22:37:34","modified_gmt":"2026-05-04T22:37:34","slug":"tester-la-qualite-du-sol","status":"publish","type":"page","link":"https:\/\/www.arrosagedujardin.fr\/guide\/tester-la-qualite-du-sol\/","title":{"rendered":"Testez la qualit\u00e9 de notre sol pour une meilleure  culture"},"content":{"rendered":"\n<h1><span class=\"ez-toc-section\" id=\"Ameliorez_la_qualite_du_sol_de_potager_en_le_testant\"><\/span>Am\u00e9liorez la qualit\u00e9 du sol de potager en le testant<span class=\"ez-toc-section-end\"><\/span><\/h1>\n\n\n\n<p>Votre&nbsp;sol&nbsp;poss\u00e8de un niveau d\u2019acidit\u00e9, que l\u2019on appelle aussi&nbsp;<em>pH<\/em>, plus ou moins \u00e9lev\u00e9. <\/p>\n\n\n\n<p>Il est assez facile de connaitre ce niveau, tout d\u2019abord vous pouvez acheter dans le commerce un test de pH ou faire analyser votre terre dans un laboratoire sp\u00e9cialis\u00e9. <\/p>\n\n\n\n<p>Une fois ce test r\u00e9alis\u00e9 vous connaitrez les d\u00e9fauts du sol de votre <a href=\"https:\/\/www.arrosagedujardin.fr\/guide\/cultiver-un-potager-dans-son-jardin\/\">potager<\/a>. Cependant il existe des solutions pour am\u00e9liorer votre terre.<\/p>\n\n\n<div id=\"fox-b-1\"><div class=\"fox-placeholder fox-search-placeholder fox-skeleton-wrap fox-skeleton-wrap--grid\" data-search=\"1\" data-cache-key=\"23e27fe89ca60ce73bee\" data-keyword=\"test sol\" data-node=\"\" data-locale=\"FR\" data-count=\"3\" data-sort=\"Featured\" data-layout=\"grid\" data-title=\"\" data-class=\"\" data-source=\"block-smart\" data-worker=\"1\"><div class=\"fox-skeleton-card fox-skeleton-card--vertical\"><div class=\"fox-skeleton__image fox-skeleton__image--tall fox-shimmer\"><\/div><div class=\"fox-skeleton__body\"><div class=\"fox-skeleton__line fox-skeleton__line--title fox-shimmer\"><\/div><div class=\"fox-skeleton__line fox-skeleton__line--short fox-shimmer\"><\/div><div class=\"fox-skeleton__footer\"><div class=\"fox-skeleton__line fox-skeleton__line--price fox-shimmer\"><\/div><div class=\"fox-skeleton__line fox-skeleton__line--btn fox-shimmer\"><\/div><\/div><\/div><\/div><div class=\"fox-skeleton-card fox-skeleton-card--vertical\"><div class=\"fox-skeleton__image fox-skeleton__image--tall fox-shimmer\"><\/div><div class=\"fox-skeleton__body\"><div class=\"fox-skeleton__line fox-skeleton__line--title fox-shimmer\"><\/div><div class=\"fox-skeleton__line fox-skeleton__line--short fox-shimmer\"><\/div><div class=\"fox-skeleton__footer\"><div class=\"fox-skeleton__line fox-skeleton__line--price fox-shimmer\"><\/div><div class=\"fox-skeleton__line fox-skeleton__line--btn fox-shimmer\"><\/div><\/div><\/div><\/div><div class=\"fox-skeleton-card fox-skeleton-card--vertical\"><div class=\"fox-skeleton__image fox-skeleton__image--tall fox-shimmer\"><\/div><div class=\"fox-skeleton__body\"><div class=\"fox-skeleton__line fox-skeleton__line--title fox-shimmer\"><\/div><div class=\"fox-skeleton__line fox-skeleton__line--short fox-shimmer\"><\/div><div class=\"fox-skeleton__footer\"><div class=\"fox-skeleton__line fox-skeleton__line--price fox-shimmer\"><\/div><div class=\"fox-skeleton__line fox-skeleton__line--btn fox-shimmer\"><\/div><\/div><\/div><\/div><\/div><\/div>\n\n\n<div id=\"ez-toc-container\" class=\"ez-toc-v2_0_71 counter-hierarchy ez-toc-counter ez-toc-grey ez-toc-container-direction\">\n<div class=\"ez-toc-title-container\">\n<p class=\"ez-toc-title\" style=\"cursor:inherit\">Sommaire<\/p>\n<span class=\"ez-toc-title-toggle\"><a href=\"#\" class=\"ez-toc-pull-right ez-toc-btn ez-toc-btn-xs ez-toc-btn-default ez-toc-toggle\" aria-label=\"Toggle Table of Content\"><span class=\"ez-toc-js-icon-con\"><span class=\"\"><span class=\"eztoc-hide\" style=\"display:none;\">Toggle<\/span><span class=\"ez-toc-icon-toggle-span\"><svg style=\"fill: #999;color:#999\" xmlns=\"http:\/\/www.w3.org\/2000\/svg\" class=\"list-377408\" width=\"20px\" height=\"20px\" viewBox=\"0 0 24 24\" fill=\"none\"><path d=\"M6 6H4v2h2V6zm14 0H8v2h12V6zM4 11h2v2H4v-2zm16 0H8v2h12v-2zM4 16h2v2H4v-2zm16 0H8v2h12v-2z\" fill=\"currentColor\"><\/path><\/svg><svg style=\"fill: #999;color:#999\" class=\"arrow-unsorted-368013\" xmlns=\"http:\/\/www.w3.org\/2000\/svg\" width=\"10px\" height=\"10px\" viewBox=\"0 0 24 24\" version=\"1.2\" baseProfile=\"tiny\"><path d=\"M18.2 9.3l-6.2-6.3-6.2 6.3c-.2.2-.3.4-.3.7s.1.5.3.7c.2.2.4.3.7.3h11c.3 0 .5-.1.7-.3.2-.2.3-.5.3-.7s-.1-.5-.3-.7zM5.8 14.7l6.2 6.3 6.2-6.3c.2-.2.3-.5.3-.7s-.1-.5-.3-.7c-.2-.2-.4-.3-.7-.3h-11c-.3 0-.5.1-.7.3-.2.2-.3.5-.3.7s.1.5.3.7z\"\/><\/svg><\/span><\/span><\/span><\/a><\/span><\/div>\n<nav><ul class='ez-toc-list ez-toc-list-level-1 eztoc-toggle-hide-by-default' ><li class='ez-toc-page-1 ez-toc-heading-level-1'><a class=\"ez-toc-link ez-toc-heading-1\" href=\"https:\/\/www.arrosagedujardin.fr\/guide\/tester-la-qualite-du-sol\/#Ameliorez_la_qualite_du_sol_de_potager_en_le_testant\" title=\"Am\u00e9liorez la qualit\u00e9 du sol de potager en le testant\">Am\u00e9liorez la qualit\u00e9 du sol de potager en le testant<\/a><ul class='ez-toc-list-level-2' ><li class='ez-toc-heading-level-2'><a class=\"ez-toc-link ez-toc-heading-2\" href=\"https:\/\/www.arrosagedujardin.fr\/guide\/tester-la-qualite-du-sol\/#Comment_tester_lacidite_de_votre_sol\" title=\"Comment tester l\u2019acidit\u00e9 de votre sol ?\">Comment tester l\u2019acidit\u00e9 de votre sol ?<\/a><\/li><li class='ez-toc-page-1 ez-toc-heading-level-2'><a class=\"ez-toc-link ez-toc-heading-3\" href=\"https:\/\/www.arrosagedujardin.fr\/guide\/tester-la-qualite-du-sol\/#Comment_tester_la_texture_de_votre_sol\" title=\"Comment tester la texture de votre sol ?\">Comment tester la texture de votre sol ?<\/a><ul class='ez-toc-list-level-4' ><li class='ez-toc-heading-level-4'><ul class='ez-toc-list-level-4' ><li class='ez-toc-heading-level-4'><a class=\"ez-toc-link ez-toc-heading-4\" href=\"https:\/\/www.arrosagedujardin.fr\/guide\/tester-la-qualite-du-sol\/#Tout_sur_le_potager\" title=\"Tout sur le potager\">Tout sur le potager<\/a><\/li><\/ul><\/li><\/ul><\/li><\/ul><\/li><\/ul><\/nav><\/div>\n\n\n\n\n<h2><span class=\"ez-toc-section\" id=\"Comment_tester_lacidite_de_votre_sol\"><\/span>Comment tester l\u2019acidit\u00e9 de votre sol ?<span class=\"ez-toc-section-end\"><\/span><\/h2>\n\n\n\n<p>Plus votre niveau de pH est faible (acide) plus la contenance en calcaire de votre sol est importante. <\/p>\n\n\n\n<p>Pour le savoir il vous suffit de vers\u00e9 un peu de vinaigre sur une petite quantit\u00e9 de terre, si des bulles apparaissent votre sol contient du calcaire. <\/p>\n\n\n\n<p>Si il n\u2019y a aucune r\u00e9action votre sol est acide. Ce type de sol est id\u00e9ale pour des plantes tel que \u00ab&nbsp;les terres de bruy\u00e8re&nbsp;\u00bb comme les rhododendrons ou les&nbsp;azal\u00e9es.<\/p>\n\n\n\n<div class=\"fox-placeholder fox-search-placeholder fox-skeleton-wrap fox-skeleton-wrap--grid\" data-search=\"1\" data-cache-key=\"23e27fe89ca60ce73bee\" data-keyword=\"test sol\" data-node=\"\" data-locale=\"FR\" data-count=\"4\" data-sort=\"Featured\" data-layout=\"grid\" data-title=\"\" data-class=\"\" data-source=\"\" data-worker=\"1\"><div class=\"fox-skeleton-card fox-skeleton-card--vertical\"><div class=\"fox-skeleton__image fox-skeleton__image--tall fox-shimmer\"><\/div><div class=\"fox-skeleton__body\"><div class=\"fox-skeleton__line fox-skeleton__line--title fox-shimmer\"><\/div><div class=\"fox-skeleton__line fox-skeleton__line--short fox-shimmer\"><\/div><div class=\"fox-skeleton__footer\"><div class=\"fox-skeleton__line fox-skeleton__line--price fox-shimmer\"><\/div><div class=\"fox-skeleton__line fox-skeleton__line--btn fox-shimmer\"><\/div><\/div><\/div><\/div><div class=\"fox-skeleton-card fox-skeleton-card--vertical\"><div class=\"fox-skeleton__image fox-skeleton__image--tall fox-shimmer\"><\/div><div class=\"fox-skeleton__body\"><div class=\"fox-skeleton__line fox-skeleton__line--title fox-shimmer\"><\/div><div class=\"fox-skeleton__line fox-skeleton__line--short fox-shimmer\"><\/div><div class=\"fox-skeleton__footer\"><div class=\"fox-skeleton__line fox-skeleton__line--price fox-shimmer\"><\/div><div class=\"fox-skeleton__line fox-skeleton__line--btn fox-shimmer\"><\/div><\/div><\/div><\/div><div class=\"fox-skeleton-card fox-skeleton-card--vertical\"><div class=\"fox-skeleton__image fox-skeleton__image--tall fox-shimmer\"><\/div><div class=\"fox-skeleton__body\"><div class=\"fox-skeleton__line fox-skeleton__line--title fox-shimmer\"><\/div><div class=\"fox-skeleton__line fox-skeleton__line--short fox-shimmer\"><\/div><div class=\"fox-skeleton__footer\"><div class=\"fox-skeleton__line fox-skeleton__line--price fox-shimmer\"><\/div><div class=\"fox-skeleton__line fox-skeleton__line--btn fox-shimmer\"><\/div><\/div><\/div><\/div><div class=\"fox-skeleton-card fox-skeleton-card--vertical\"><div class=\"fox-skeleton__image fox-skeleton__image--tall fox-shimmer\"><\/div><div class=\"fox-skeleton__body\"><div class=\"fox-skeleton__line fox-skeleton__line--title fox-shimmer\"><\/div><div class=\"fox-skeleton__line fox-skeleton__line--short fox-shimmer\"><\/div><div class=\"fox-skeleton__footer\"><div class=\"fox-skeleton__line fox-skeleton__line--price fox-shimmer\"><\/div><div class=\"fox-skeleton__line fox-skeleton__line--btn fox-shimmer\"><\/div><\/div><\/div><\/div><\/div>\n\n\n\n<h2><span class=\"ez-toc-section\" id=\"Comment_tester_la_texture_de_votre_sol\"><\/span>Comment tester la texture de votre sol ?<span class=\"ez-toc-section-end\"><\/span><\/h2>\n\n\n\n<p>Il est important de testez la&nbsp;<strong>texture de votre sol<\/strong>&nbsp;afin de pouvoir optimiser la&nbsp;pousse de vos plantes. <\/p>\n\n\n\n<p>Il existe plusieurs possibilit\u00e9s de texture. <\/p>\n\n\n\n<p>Pour les connaitre, prenez une poign\u00e9e de terre dans votre main et form\u00e9 une boule.<br>Si votre terre s\u2019effrite , celle-ci est alors sablonneuse. <\/p>\n\n\n\n<p>Pour l\u2019am\u00e9liorez vous pouvez y ajouter des mati\u00e8res organiques comme du compost.<\/p>\n\n\n\n<p>Si votre terre forme une petite boule dans le creux de votre main, votre sol est alors un peu argileux. <\/p>\n\n\n\n<p>Dans ce cas votre terre est parfaite,&nbsp;vous pouvez y plantez toutes sortes de plantes. <\/p>\n\n\n\n<p>Votre sol retiendra la fraicheur et les \u00e9l\u00e9ments min\u00e9raux. Dernier cas, une boule assez grosse se forme. <\/p>\n\n\n\n<p>Votre sol est alors argileux. Vous devez alors y planter des v\u00e9g\u00e9taux adapt\u00e9s o\u00f9 modifier votre sol en y ajoutant du sable ou des gravillons coup\u00e9s avec des mati\u00e8res organiques (fumier).<\/p>\n\n\n<div id=\"fox-b-2\"><div class=\"fox-placeholder fox-search-placeholder fox-skeleton-wrap fox-skeleton-wrap--grid\" data-search=\"1\" data-cache-key=\"f0767da5992ac4af992d\" data-keyword=\"engrais\" data-node=\"\" data-locale=\"FR\" data-count=\"3\" data-sort=\"Featured\" data-layout=\"grid\" data-title=\"\" data-class=\"\" data-source=\"block-smart\" data-worker=\"1\"><div class=\"fox-skeleton-card fox-skeleton-card--vertical\"><div class=\"fox-skeleton__image fox-skeleton__image--tall fox-shimmer\"><\/div><div class=\"fox-skeleton__body\"><div class=\"fox-skeleton__line fox-skeleton__line--title fox-shimmer\"><\/div><div class=\"fox-skeleton__line fox-skeleton__line--short fox-shimmer\"><\/div><div class=\"fox-skeleton__footer\"><div class=\"fox-skeleton__line fox-skeleton__line--price fox-shimmer\"><\/div><div class=\"fox-skeleton__line fox-skeleton__line--btn fox-shimmer\"><\/div><\/div><\/div><\/div><div class=\"fox-skeleton-card fox-skeleton-card--vertical\"><div class=\"fox-skeleton__image fox-skeleton__image--tall fox-shimmer\"><\/div><div class=\"fox-skeleton__body\"><div class=\"fox-skeleton__line fox-skeleton__line--title fox-shimmer\"><\/div><div class=\"fox-skeleton__line fox-skeleton__line--short fox-shimmer\"><\/div><div class=\"fox-skeleton__footer\"><div class=\"fox-skeleton__line fox-skeleton__line--price fox-shimmer\"><\/div><div class=\"fox-skeleton__line fox-skeleton__line--btn fox-shimmer\"><\/div><\/div><\/div><\/div><div class=\"fox-skeleton-card fox-skeleton-card--vertical\"><div class=\"fox-skeleton__image fox-skeleton__image--tall fox-shimmer\"><\/div><div class=\"fox-skeleton__body\"><div class=\"fox-skeleton__line fox-skeleton__line--title fox-shimmer\"><\/div><div class=\"fox-skeleton__line fox-skeleton__line--short fox-shimmer\"><\/div><div class=\"fox-skeleton__footer\"><div class=\"fox-skeleton__line fox-skeleton__line--price fox-shimmer\"><\/div><div class=\"fox-skeleton__line fox-skeleton__line--btn fox-shimmer\"><\/div><\/div><\/div><\/div><\/div><\/div>\n\n\n<h4><span class=\"ez-toc-section\" id=\"Tout_sur_le_potager\"><\/span>Tout sur le potager<span class=\"ez-toc-section-end\"><\/span><\/h4>\n\n\n\n<ul><li><a href=\"https:\/\/www.arrosagedujardin.fr\/guide\/potager-en-carre\/\">Potager en carr\u00e9<\/a><\/li><li><a href=\"https:\/\/www.arrosagedujardin.fr\/guide\/calendrier-plantation\/\">Calendrier de Plantation<\/a><\/li><li><a href=\"https:\/\/www.arrosagedujardin.fr\/guide\/organiser-son-potager\/\">Am\u00e9nager Son Potager : Astuces et Conseils<\/a><\/li><li><a href=\"https:\/\/www.arrosagedujardin.fr\/guide\/planter-tomate\/\">Cultiver les tomates dans un potager<\/a><\/li><li><a href=\"https:\/\/www.arrosagedujardin.fr\/guide\/planter-sous-serre-de-jardin\/\">Potager sous serre<\/a><\/li><li><a href=\"https:\/\/www.arrosagedujardin.fr\/guide\/bac-de-jardinage\/\">Bac de jardinage<\/a><\/li><li><a href=\"https:\/\/www.arrosagedujardin.fr\/guide\/comment-choisir-les-meilleures-varietes-de-plantes-pour-un-potager\/\">Choisir les Meilleures Vari\u00e9t\u00e9s de Plantes pour un Potager<\/a><\/li><\/ul>\n","protected":false},"excerpt":{"rendered":"<p>Am\u00e9liorez la qualit\u00e9 du sol de potager en le testant Votre&nbsp;sol&nbsp;poss\u00e8de un niveau d\u2019acidit\u00e9, que l\u2019on appelle aussi&nbsp;pH, plus ou moins \u00e9lev\u00e9. Il est assez facile de connaitre ce niveau, tout d\u2019abord vous pouvez acheter dans le commerce un test de pH ou faire analyser votre terre dans un laboratoire sp\u00e9cialis\u00e9. Une fois ce test [&hellip;]<\/p>\n","protected":false},"author":1,"featured_media":0,"parent":0,"menu_order":0,"comment_status":"open","ping_status":"open","template":"","meta":{"_links_to":"","_links_to_target":""},"yoast_head":"<!-- This site is optimized with the Yoast SEO plugin v20.6 - https:\/\/yoast.com\/wordpress\/plugins\/seo\/ -->\n<title>Testez la qualit\u00e9 de notre sol pour une meilleure culture<\/title>\n<meta name=\"robots\" content=\"index, follow, max-snippet:-1, max-image-preview:large, max-video-preview:-1\" \/>\n<link rel=\"canonical\" href=\"https:\/\/www.arrosagedujardin.fr\/guide\/tester-la-qualite-du-sol\/\" \/>\n<meta property=\"og:locale\" content=\"fr_FR\" \/>\n<meta property=\"og:type\" content=\"article\" \/>\n<meta property=\"og:title\" content=\"Testez la qualit\u00e9 de notre sol pour une meilleure culture\" \/>\n<meta property=\"og:description\" content=\"Am\u00e9liorez la qualit\u00e9 du sol de potager en le testant Votre&nbsp;sol&nbsp;poss\u00e8de un niveau d\u2019acidit\u00e9, que l\u2019on appelle aussi&nbsp;pH, plus ou moins \u00e9lev\u00e9. Il est assez facile de connaitre ce niveau, tout d\u2019abord vous pouvez acheter dans le commerce un test de pH ou faire analyser votre terre dans un laboratoire sp\u00e9cialis\u00e9. Une fois ce test [&hellip;]\" \/>\n<meta property=\"og:url\" content=\"https:\/\/www.arrosagedujardin.fr\/guide\/tester-la-qualite-du-sol\/\" \/>\n<meta property=\"article:modified_time\" content=\"2026-05-04T22:37:34+00:00\" \/>\n<meta name=\"twitter:card\" content=\"summary_large_image\" \/>\n<meta name=\"twitter:label1\" content=\"Dur\u00e9e de lecture estim\u00e9e\" \/>\n\t<meta name=\"twitter:data1\" content=\"2 minutes\" \/>\n<script type=\"application\/ld+json\" class=\"yoast-schema-graph\">{\"@context\":\"https:\/\/schema.org\",\"@graph\":[{\"@type\":\"WebPage\",\"@id\":\"https:\/\/www.arrosagedujardin.fr\/guide\/tester-la-qualite-du-sol\/\",\"url\":\"https:\/\/www.arrosagedujardin.fr\/guide\/tester-la-qualite-du-sol\/\",\"name\":\"Testez la qualit\u00e9 de notre sol pour une meilleure culture\",\"isPartOf\":{\"@id\":\"https:\/\/www.arrosagedujardin.fr\/guide\/#website\"},\"datePublished\":\"2022-03-28T18:35:40+00:00\",\"dateModified\":\"2026-05-04T22:37:34+00:00\",\"breadcrumb\":{\"@id\":\"https:\/\/www.arrosagedujardin.fr\/guide\/tester-la-qualite-du-sol\/#breadcrumb\"},\"inLanguage\":\"fr-FR\",\"potentialAction\":[{\"@type\":\"ReadAction\",\"target\":[\"https:\/\/www.arrosagedujardin.fr\/guide\/tester-la-qualite-du-sol\/\"]}]},{\"@type\":\"BreadcrumbList\",\"@id\":\"https:\/\/www.arrosagedujardin.fr\/guide\/tester-la-qualite-du-sol\/#breadcrumb\",\"itemListElement\":[{\"@type\":\"ListItem\",\"position\":1,\"name\":\"Home\",\"item\":\"https:\/\/www.arrosagedujardin.fr\/guide\/\"},{\"@type\":\"ListItem\",\"position\":2,\"name\":\"Testez la qualit\u00e9 de notre sol pour une meilleure culture\"}]},{\"@type\":\"WebSite\",\"@id\":\"https:\/\/www.arrosagedujardin.fr\/guide\/#website\",\"url\":\"https:\/\/www.arrosagedujardin.fr\/guide\/\",\"name\":\"\",\"description\":\"Guide sur l&#039;entretien et l&#039;arrosage du jardin\",\"potentialAction\":[{\"@type\":\"SearchAction\",\"target\":{\"@type\":\"EntryPoint\",\"urlTemplate\":\"https:\/\/www.arrosagedujardin.fr\/guide\/?s={search_term_string}\"},\"query-input\":\"required name=search_term_string\"}],\"inLanguage\":\"fr-FR\"}]}<\/script>\n<!-- \/ Yoast SEO plugin. -->","yoast_head_json":{"title":"Testez la qualit\u00e9 de notre sol pour une meilleure culture","robots":{"index":"index","follow":"follow","max-snippet":"max-snippet:-1","max-image-preview":"max-image-preview:large","max-video-preview":"max-video-preview:-1"},"canonical":"https:\/\/www.arrosagedujardin.fr\/guide\/tester-la-qualite-du-sol\/","og_locale":"fr_FR","og_type":"article","og_title":"Testez la qualit\u00e9 de notre sol pour une meilleure culture","og_description":"Am\u00e9liorez la qualit\u00e9 du sol de potager en le testant Votre&nbsp;sol&nbsp;poss\u00e8de un niveau d\u2019acidit\u00e9, que l\u2019on appelle aussi&nbsp;pH, plus ou moins \u00e9lev\u00e9. Il est assez facile de connaitre ce niveau, tout d\u2019abord vous pouvez acheter dans le commerce un test de pH ou faire analyser votre terre dans un laboratoire sp\u00e9cialis\u00e9. Une fois ce test [&hellip;]","og_url":"https:\/\/www.arrosagedujardin.fr\/guide\/tester-la-qualite-du-sol\/","article_modified_time":"2026-05-04T22:37:34+00:00","twitter_card":"summary_large_image","twitter_misc":{"Dur\u00e9e de lecture estim\u00e9e":"2 minutes"},"schema":{"@context":"https:\/\/schema.org","@graph":[{"@type":"WebPage","@id":"https:\/\/www.arrosagedujardin.fr\/guide\/tester-la-qualite-du-sol\/","url":"https:\/\/www.arrosagedujardin.fr\/guide\/tester-la-qualite-du-sol\/","name":"Testez la qualit\u00e9 de notre sol pour une meilleure culture","isPartOf":{"@id":"https:\/\/www.arrosagedujardin.fr\/guide\/#website"},"datePublished":"2022-03-28T18:35:40+00:00","dateModified":"2026-05-04T22:37:34+00:00","breadcrumb":{"@id":"https:\/\/www.arrosagedujardin.fr\/guide\/tester-la-qualite-du-sol\/#breadcrumb"},"inLanguage":"fr-FR","potentialAction":[{"@type":"ReadAction","target":["https:\/\/www.arrosagedujardin.fr\/guide\/tester-la-qualite-du-sol\/"]}]},{"@type":"BreadcrumbList","@id":"https:\/\/www.arrosagedujardin.fr\/guide\/tester-la-qualite-du-sol\/#breadcrumb","itemListElement":[{"@type":"ListItem","position":1,"name":"Home","item":"https:\/\/www.arrosagedujardin.fr\/guide\/"},{"@type":"ListItem","position":2,"name":"Testez la qualit\u00e9 de notre sol pour une meilleure culture"}]},{"@type":"WebSite","@id":"https:\/\/www.arrosagedujardin.fr\/guide\/#website","url":"https:\/\/www.arrosagedujardin.fr\/guide\/","name":"","description":"Guide sur l&#039;entretien et l&#039;arrosage du jardin","potentialAction":[{"@type":"SearchAction","target":{"@type":"EntryPoint","urlTemplate":"https:\/\/www.arrosagedujardin.fr\/guide\/?s={search_term_string}"},"query-input":"required name=search_term_string"}],"inLanguage":"fr-FR"}]}},"_links":{"self":[{"href":"https:\/\/www.arrosagedujardin.fr\/guide\/wp-json\/wp\/v2\/pages\/6186"}],"collection":[{"href":"https:\/\/www.arrosagedujardin.fr\/guide\/wp-json\/wp\/v2\/pages"}],"about":[{"href":"https:\/\/www.arrosagedujardin.fr\/guide\/wp-json\/wp\/v2\/types\/page"}],"author":[{"embeddable":true,"href":"https:\/\/www.arrosagedujardin.fr\/guide\/wp-json\/wp\/v2\/users\/1"}],"replies":[{"embeddable":true,"href":"https:\/\/www.arrosagedujardin.fr\/guide\/wp-json\/wp\/v2\/comments?post=6186"}],"version-history":[{"count":20,"href":"https:\/\/www.arrosagedujardin.fr\/guide\/wp-json\/wp\/v2\/pages\/6186\/revisions"}],"predecessor-version":[{"id":8709,"href":"https:\/\/www.arrosagedujardin.fr\/guide\/wp-json\/wp\/v2\/pages\/6186\/revisions\/8709"}],"wp:attachment":[{"href":"https:\/\/www.arrosagedujardin.fr\/guide\/wp-json\/wp\/v2\/media?parent=6186"}],"curies":[{"name":"wp","href":"https:\/\/api.w.org\/{rel}","templated":true}]}}