{"id":6190,"date":"2022-03-16T14:33:43","date_gmt":"2022-03-16T14:33:43","guid":{"rendered":"https:\/\/www.arrosagedujardin.fr\/guide\/?p=6190"},"modified":"2026-02-16T18:05:37","modified_gmt":"2026-02-16T18:05:37","slug":"organiser-son-potager","status":"publish","type":"page","link":"https:\/\/www.arrosagedujardin.fr\/guide\/organiser-son-potager\/","title":{"rendered":"Optimisez l&rsquo;Am\u00e9nagement de Votre Potager"},"content":{"rendered":"\n<h1><span class=\"ez-toc-section\" id=\"Comment_organiser_son_potager\"><\/span>Comment organiser son potager ?<span class=\"ez-toc-section-end\"><\/span><\/h1>\n\n\n\n<p>Lorsque que l\u2019on veux optimiser le&nbsp;<strong>rendement d\u2019un&nbsp;<\/strong><a href=\"https:\/\/www.arrosagedujardin.fr\/guide\/cultiver-un-potager-dans-son-jardin\/\">potager<\/a>&nbsp;il est important de bien organiser les plantations, en effet certaines&nbsp;plantes&nbsp;se marient tr\u00e8s bien avec d\u2019autre mais peuvent aussi nuire \u00e0 leur croissance.<\/p>\n\n\n\n<p>Cependant certaines plantes \u00e9chappent a cette r\u00e8gles, les l\u00e9gumes dit p\u00e9rennes (c\u2019est \u00e0 dire qu\u2019il reste plant\u00e9 plusieurs ann\u00e9e de suite) comme les artichauts ou les topinambours, dans ce cas il est possible de les planter \u00e0 cot\u00e9 de l\u00e9gumes de vari\u00e9t\u00e9s diff\u00e9rentes.<\/p>\n\n\n\n<div id=\"ez-toc-container\" class=\"ez-toc-v2_0_71 counter-hierarchy ez-toc-counter ez-toc-grey ez-toc-container-direction\">\n<div class=\"ez-toc-title-container\">\n<p class=\"ez-toc-title\" style=\"cursor:inherit\">Sommaire<\/p>\n<span class=\"ez-toc-title-toggle\"><a href=\"#\" class=\"ez-toc-pull-right ez-toc-btn ez-toc-btn-xs ez-toc-btn-default ez-toc-toggle\" aria-label=\"Toggle Table of Content\"><span class=\"ez-toc-js-icon-con\"><span class=\"\"><span class=\"eztoc-hide\" style=\"display:none;\">Toggle<\/span><span class=\"ez-toc-icon-toggle-span\"><svg style=\"fill: #999;color:#999\" xmlns=\"http:\/\/www.w3.org\/2000\/svg\" class=\"list-377408\" width=\"20px\" height=\"20px\" viewBox=\"0 0 24 24\" fill=\"none\"><path d=\"M6 6H4v2h2V6zm14 0H8v2h12V6zM4 11h2v2H4v-2zm16 0H8v2h12v-2zM4 16h2v2H4v-2zm16 0H8v2h12v-2z\" fill=\"currentColor\"><\/path><\/svg><svg style=\"fill: #999;color:#999\" class=\"arrow-unsorted-368013\" xmlns=\"http:\/\/www.w3.org\/2000\/svg\" width=\"10px\" height=\"10px\" viewBox=\"0 0 24 24\" version=\"1.2\" baseProfile=\"tiny\"><path d=\"M18.2 9.3l-6.2-6.3-6.2 6.3c-.2.2-.3.4-.3.7s.1.5.3.7c.2.2.4.3.7.3h11c.3 0 .5-.1.7-.3.2-.2.3-.5.3-.7s-.1-.5-.3-.7zM5.8 14.7l6.2 6.3 6.2-6.3c.2-.2.3-.5.3-.7s-.1-.5-.3-.7c-.2-.2-.4-.3-.7-.3h-11c-.3 0-.5.1-.7.3-.2.2-.3.5-.3.7s.1.5.3.7z\"\/><\/svg><\/span><\/span><\/span><\/a><\/span><\/div>\n<nav><ul class='ez-toc-list ez-toc-list-level-1 eztoc-toggle-hide-by-default' ><li class='ez-toc-page-1 ez-toc-heading-level-1'><a class=\"ez-toc-link ez-toc-heading-1\" href=\"https:\/\/www.arrosagedujardin.fr\/guide\/organiser-son-potager\/#Comment_organiser_son_potager\" title=\"Comment organiser son potager ?\">Comment organiser son potager ?<\/a><ul class='ez-toc-list-level-2' ><li class='ez-toc-heading-level-2'><a class=\"ez-toc-link ez-toc-heading-2\" href=\"https:\/\/www.arrosagedujardin.fr\/guide\/organiser-son-potager\/#Pourquoi_une_alternance_des_cultures_en_potager\" title=\"Pourquoi une alternance des cultures en potager ?\">Pourquoi une alternance des cultures en potager ?<\/a><\/li><li class='ez-toc-page-1 ez-toc-heading-level-2'><a class=\"ez-toc-link ez-toc-heading-3\" href=\"https:\/\/www.arrosagedujardin.fr\/guide\/organiser-son-potager\/#Comment_sy_prendre_pour_organiser_son_potager\" title=\"Comment s\u2019y prendre pour organiser son potager ?\">Comment s\u2019y prendre pour organiser son potager ?<\/a><ul class='ez-toc-list-level-4' ><li class='ez-toc-heading-level-4'><ul class='ez-toc-list-level-4' ><li class='ez-toc-heading-level-4'><a class=\"ez-toc-link ez-toc-heading-4\" href=\"https:\/\/www.arrosagedujardin.fr\/guide\/organiser-son-potager\/#Articles_sur_le_potager\" title=\"Articles sur le potager\">Articles sur le potager<\/a><\/li><\/ul><\/li><\/ul><\/li><\/ul><\/li><\/ul><\/nav><\/div>\n\n\n\n\n<h2><span class=\"ez-toc-section\" id=\"Pourquoi_une_alternance_des_cultures_en_potager\"><\/span>Pourquoi une alternance des cultures en potager ?<span class=\"ez-toc-section-end\"><\/span><\/h2>\n\n\n\n<figure class=\"wp-block-image size-large\"><img loading=\"lazy\" width=\"1024\" height=\"684\" src=\"https:\/\/www.arrosagedujardin.fr\/guide\/wp-content\/uploads\/2024\/10\/image-1-1024x684.png\" alt=\"Potager, aubergines\" class=\"wp-image-7651\" srcset=\"https:\/\/www.arrosagedujardin.fr\/guide\/wp-content\/uploads\/2024\/10\/image-1-1024x684.png 1024w, https:\/\/www.arrosagedujardin.fr\/guide\/wp-content\/uploads\/2024\/10\/image-1-300x200.png 300w, https:\/\/www.arrosagedujardin.fr\/guide\/wp-content\/uploads\/2024\/10\/image-1-768x513.png 768w, https:\/\/www.arrosagedujardin.fr\/guide\/wp-content\/uploads\/2024\/10\/image-1-1536x1025.png 1536w, https:\/\/www.arrosagedujardin.fr\/guide\/wp-content\/uploads\/2024\/10\/image-1-2048x1367.png 2048w\" sizes=\"(max-width: 1024px) 100vw, 1024px\" \/><\/figure>\n\n\n\n<p>Une plante cultiv\u00e9e des ann\u00e9es de suite, sur le m\u00eame emplacement engendre une alt\u00e9ration, de la qualit\u00e9 de la qualit\u00e9 du sol. <\/p>\n\n\n\n<p>En effet la plante en consommant les \u00e9l\u00e9ments indispensables \u00e0 sa croissance dilapide peu \u00e0 peu les r\u00e9serves attribu\u00e9es aux plantations suivantes. <\/p>\n\n\n\n<p>Ils est donc imp\u00e9ratif si l\u2019on souhaite acqu\u00e9rir des r\u00e9coltes diversifi\u00e9es d\u2019organiser intelligemment la&nbsp;<strong>r\u00e9partition des plantes potag\u00e8res<\/strong>. <\/p>\n\n\n\n<p>La solution pour \u00e9viter une telle situation est l\u2019assolement, c\u2019est \u00e0 dire une alternance des plantes cultiv\u00e9es.<\/p>\n\n\n\n<div class=\"fox-placeholder fox-search-placeholder fox-skeleton-wrap fox-skeleton-wrap--grid\" data-search=\"1\" data-cache-key=\"46df13101f75635b6e0d\" data-keyword=\"graines l\u00e9gumes\" data-node=\"\" data-locale=\"FR\" data-count=\"3\" data-sort=\"Featured\" data-layout=\"grid\" data-title=\"\" data-class=\"\" data-source=\"\" data-worker=\"1\"><div class=\"fox-skeleton-card fox-skeleton-card--vertical\"><div class=\"fox-skeleton__image fox-skeleton__image--tall fox-shimmer\"><\/div><div class=\"fox-skeleton__body\"><div class=\"fox-skeleton__line fox-skeleton__line--title fox-shimmer\"><\/div><div class=\"fox-skeleton__line fox-skeleton__line--short fox-shimmer\"><\/div><div class=\"fox-skeleton__footer\"><div class=\"fox-skeleton__line fox-skeleton__line--price fox-shimmer\"><\/div><div class=\"fox-skeleton__line fox-skeleton__line--btn fox-shimmer\"><\/div><\/div><\/div><\/div><div class=\"fox-skeleton-card fox-skeleton-card--vertical\"><div class=\"fox-skeleton__image fox-skeleton__image--tall fox-shimmer\"><\/div><div class=\"fox-skeleton__body\"><div class=\"fox-skeleton__line fox-skeleton__line--title fox-shimmer\"><\/div><div class=\"fox-skeleton__line fox-skeleton__line--short fox-shimmer\"><\/div><div class=\"fox-skeleton__footer\"><div class=\"fox-skeleton__line fox-skeleton__line--price fox-shimmer\"><\/div><div class=\"fox-skeleton__line fox-skeleton__line--btn fox-shimmer\"><\/div><\/div><\/div><\/div><div class=\"fox-skeleton-card fox-skeleton-card--vertical\"><div class=\"fox-skeleton__image fox-skeleton__image--tall fox-shimmer\"><\/div><div class=\"fox-skeleton__body\"><div class=\"fox-skeleton__line fox-skeleton__line--title fox-shimmer\"><\/div><div class=\"fox-skeleton__line fox-skeleton__line--short fox-shimmer\"><\/div><div class=\"fox-skeleton__footer\"><div class=\"fox-skeleton__line fox-skeleton__line--price fox-shimmer\"><\/div><div class=\"fox-skeleton__line fox-skeleton__line--btn fox-shimmer\"><\/div><\/div><\/div><\/div><\/div>\n\n\n\n<h2><span class=\"ez-toc-section\" id=\"Comment_sy_prendre_pour_organiser_son_potager\"><\/span>Comment s\u2019y prendre pour organiser son potager ?<span class=\"ez-toc-section-end\"><\/span><\/h2>\n\n\n\n<p>Tout d\u2019abord, il faut noter que toute plante poss\u00e8de des caract\u00e9ristiques propre \u00e0 son d\u00e9veloppement. Elles puisent et restituent des \u00e9l\u00e9ments nutritifs sp\u00e9cifiques.<br>Il se distingue trois associations possibles :<br>-Les&nbsp;<strong>l\u00e9gumes<\/strong>&nbsp;dits \u00ab&nbsp;feuilles&nbsp;\u00bb n\u00e9cessitent beaucoup d\u2019azote pour pousser comme les \u00e9pinards, la m\u00e2che ou la salade. Ces derniers se plaisent avec les solanac\u00e9es tels que la tomate ou le poivron.<br>-Les&nbsp;<strong>l\u00e9gumineuses<\/strong>&nbsp;ou l\u00e9gumes grains qui ont la capacit\u00e9 de fixer l\u2019azote puis\u00e9 dans l\u2019air sur leurs racines comme les haricots ou les pois.<br>-Les l\u00e9gumes racines comme la carotte ceux-ci s\u2019associe \u00e0 merveille avec les l\u00e9gumes dit bulbes comme l\u2019ail ou l\u2019oignon.<\/p>\n\n\n\n<figure class=\"wp-block-image size-large\"><img loading=\"lazy\" width=\"1024\" height=\"683\" src=\"https:\/\/www.arrosagedujardin.fr\/guide\/wp-content\/uploads\/2024\/10\/image-1024x683.png\" alt=\"Potager, tomates cerises\" class=\"wp-image-7650\" srcset=\"https:\/\/www.arrosagedujardin.fr\/guide\/wp-content\/uploads\/2024\/10\/image-1024x683.png 1024w, https:\/\/www.arrosagedujardin.fr\/guide\/wp-content\/uploads\/2024\/10\/image-300x200.png 300w, https:\/\/www.arrosagedujardin.fr\/guide\/wp-content\/uploads\/2024\/10\/image-768x512.png 768w, https:\/\/www.arrosagedujardin.fr\/guide\/wp-content\/uploads\/2024\/10\/image-1536x1024.png 1536w, https:\/\/www.arrosagedujardin.fr\/guide\/wp-content\/uploads\/2024\/10\/image-2048x1365.png 2048w\" sizes=\"(max-width: 1024px) 100vw, 1024px\" \/><\/figure>\n\n\n\n<p>Pour un meilleur rendement, il est conseill\u00e9 de&nbsp;r\u00e9partir son potager en quatre zones&nbsp;afin d\u2019attribuer un groupe \u00e0 chaque parcelle d\u00e9finie. <\/p>\n\n\n\n<p>L\u2019id\u00e9e \u00e9tant d\u2019alterner sur le m\u00eame emplacement des l\u00e9gumineuses l\u2019ann\u00e9e suivante des l\u00e9gumes racines, puis des&nbsp;<strong>l\u00e9gumes feuilles<\/strong>. <\/p>\n\n\n\n<p>La quatri\u00e8me ann\u00e9e est r\u00e9serv\u00e9e au repos de la terre, en semant un engrais vert. <\/p>\n\n\n\n<p>Une nouvelle rotation peut \u00eatre d\u00e9but\u00e9e l\u2019ann\u00e9e suivante. <\/p>\n\n\n\n<p>Pour un meilleur rendement, il est conseill\u00e9 de&nbsp;r\u00e9partir son potager en quatre zones&nbsp;afin d\u2019attribuer un groupe \u00e0 chaque parcelle d\u00e9finie. L\u2019id\u00e9e \u00e9tant d\u2019alterner sur le m\u00eame emplacement des l\u00e9gumineuses l\u2019ann\u00e9e suivante des l\u00e9gumes racines , puis des l\u00e9gumes feuilles. <\/p>\n\n\n\n<p>La quatri\u00e8me ann\u00e9e est r\u00e9serv\u00e9e au repos de la terre, en semant un engrais vert. Une nouvelle rotation peut \u00eatre d\u00e9but\u00e9e l\u2019ann\u00e9e suivante.<\/p>\n\n\n\n<p>Enfin rappelons qu\u2019un apport annuel de mati\u00e8re organique pour am\u00e9liorer la fertilit\u00e9 du sol, en particulier du composte est le bien-venu surtout si vous ne&nbsp;poss\u00e9dez&nbsp;pas de&nbsp;serre de jardin.<\/p>\n\n\n\n<h4><span class=\"ez-toc-section\" id=\"Articles_sur_le_potager\"><\/span>Articles sur le potager<span class=\"ez-toc-section-end\"><\/span><\/h4>\n\n\n\n<ul><li><a href=\"https:\/\/www.arrosagedujardin.fr\/guide\/potager-en-carre\/\">Potager en carr\u00e9<\/a><\/li><li><a href=\"https:\/\/www.arrosagedujardin.fr\/guide\/planter-tomate\/\">Cultiver les tomates dans un potager<\/a><\/li><li><a href=\"https:\/\/www.arrosagedujardin.fr\/guide\/calendrier-plantation\/\">Calendrier de Plantation<\/a><\/li><li><a href=\"https:\/\/www.arrosagedujardin.fr\/guide\/planter-sous-serre-de-jardin\/\">Potager sous serre<\/a><\/li><li><a href=\"https:\/\/www.arrosagedujardin.fr\/guide\/tester-la-qualite-du-sol\/\">Tester la qualit\u00e9 du sol<\/a><\/li><li><a href=\"https:\/\/www.arrosagedujardin.fr\/guide\/bac-de-jardinage\/\">Bac de jardinage<\/a><\/li><li><a href=\"https:\/\/www.arrosagedujardin.fr\/guide\/comment-choisir-les-meilleures-varietes-de-plantes-pour-un-potager\/\">Vari\u00e9t\u00e9s de L\u00e9gumes \u00e0 Privil\u00e9gier pour un Potager Florissant<\/a><\/li><\/ul>\n","protected":false},"excerpt":{"rendered":"<p>Comment organiser son potager ? Lorsque que l\u2019on veux optimiser le&nbsp;rendement d\u2019un&nbsp;&nbsp;il est important de bien organiser les plantations, en effet certaines&nbsp;plantes&nbsp;se marient tr\u00e8s bien avec d\u2019autre mais peuvent aussi nuire \u00e0 leur croissance. Cependant certaines plantes \u00e9chappent a cette r\u00e8gles, les l\u00e9gumes dit p\u00e9rennes (c\u2019est \u00e0 dire qu\u2019il reste plant\u00e9 plusieurs ann\u00e9e de suite) [&hellip;]<\/p>\n","protected":false},"author":1,"featured_media":0,"parent":0,"menu_order":0,"comment_status":"open","ping_status":"open","template":"","meta":{"_links_to":"","_links_to_target":""},"yoast_head":"<!-- This site is optimized with the Yoast SEO plugin v20.6 - https:\/\/yoast.com\/wordpress\/plugins\/seo\/ -->\n<title>Optimisez l&#039;Am\u00e9nagement de Votre Potager<\/title>\n<meta name=\"robots\" content=\"index, follow, max-snippet:-1, max-image-preview:large, max-video-preview:-1\" \/>\n<link rel=\"canonical\" href=\"https:\/\/www.arrosagedujardin.fr\/guide\/organiser-son-potager\/\" \/>\n<meta property=\"og:locale\" content=\"fr_FR\" \/>\n<meta property=\"og:type\" content=\"article\" \/>\n<meta property=\"og:title\" content=\"Optimisez l&#039;Am\u00e9nagement de Votre Potager\" \/>\n<meta property=\"og:description\" content=\"Comment organiser son potager ? Lorsque que l\u2019on veux optimiser le&nbsp;rendement d\u2019un&nbsp;&nbsp;il est important de bien organiser les plantations, en effet certaines&nbsp;plantes&nbsp;se marient tr\u00e8s bien avec d\u2019autre mais peuvent aussi nuire \u00e0 leur croissance. Cependant certaines plantes \u00e9chappent a cette r\u00e8gles, les l\u00e9gumes dit p\u00e9rennes (c\u2019est \u00e0 dire qu\u2019il reste plant\u00e9 plusieurs ann\u00e9e de suite) [&hellip;]\" \/>\n<meta property=\"og:url\" content=\"https:\/\/www.arrosagedujardin.fr\/guide\/organiser-son-potager\/\" \/>\n<meta property=\"article:modified_time\" content=\"2026-02-16T18:05:37+00:00\" \/>\n<meta property=\"og:image\" content=\"https:\/\/www.arrosagedujardin.fr\/guide\/wp-content\/uploads\/2024\/10\/image-1-1024x684.png\" \/>\n<meta name=\"twitter:card\" content=\"summary_large_image\" \/>\n<meta name=\"twitter:label1\" content=\"Dur\u00e9e de lecture estim\u00e9e\" \/>\n\t<meta name=\"twitter:data1\" content=\"3 minutes\" \/>\n<script type=\"application\/ld+json\" class=\"yoast-schema-graph\">{\"@context\":\"https:\/\/schema.org\",\"@graph\":[{\"@type\":\"WebPage\",\"@id\":\"https:\/\/www.arrosagedujardin.fr\/guide\/organiser-son-potager\/\",\"url\":\"https:\/\/www.arrosagedujardin.fr\/guide\/organiser-son-potager\/\",\"name\":\"Optimisez l'Am\u00e9nagement de Votre Potager\",\"isPartOf\":{\"@id\":\"https:\/\/www.arrosagedujardin.fr\/guide\/#website\"},\"datePublished\":\"2022-03-16T14:33:43+00:00\",\"dateModified\":\"2026-02-16T18:05:37+00:00\",\"breadcrumb\":{\"@id\":\"https:\/\/www.arrosagedujardin.fr\/guide\/organiser-son-potager\/#breadcrumb\"},\"inLanguage\":\"fr-FR\",\"potentialAction\":[{\"@type\":\"ReadAction\",\"target\":[\"https:\/\/www.arrosagedujardin.fr\/guide\/organiser-son-potager\/\"]}]},{\"@type\":\"BreadcrumbList\",\"@id\":\"https:\/\/www.arrosagedujardin.fr\/guide\/organiser-son-potager\/#breadcrumb\",\"itemListElement\":[{\"@type\":\"ListItem\",\"position\":1,\"name\":\"Home\",\"item\":\"https:\/\/www.arrosagedujardin.fr\/guide\/\"},{\"@type\":\"ListItem\",\"position\":2,\"name\":\"Optimisez l&rsquo;Am\u00e9nagement de Votre Potager\"}]},{\"@type\":\"WebSite\",\"@id\":\"https:\/\/www.arrosagedujardin.fr\/guide\/#website\",\"url\":\"https:\/\/www.arrosagedujardin.fr\/guide\/\",\"name\":\"\",\"description\":\"Guide sur l&#039;entretien et l&#039;arrosage du jardin\",\"potentialAction\":[{\"@type\":\"SearchAction\",\"target\":{\"@type\":\"EntryPoint\",\"urlTemplate\":\"https:\/\/www.arrosagedujardin.fr\/guide\/?s={search_term_string}\"},\"query-input\":\"required name=search_term_string\"}],\"inLanguage\":\"fr-FR\"}]}<\/script>\n<!-- \/ Yoast SEO plugin. -->","yoast_head_json":{"title":"Optimisez l'Am\u00e9nagement de Votre Potager","robots":{"index":"index","follow":"follow","max-snippet":"max-snippet:-1","max-image-preview":"max-image-preview:large","max-video-preview":"max-video-preview:-1"},"canonical":"https:\/\/www.arrosagedujardin.fr\/guide\/organiser-son-potager\/","og_locale":"fr_FR","og_type":"article","og_title":"Optimisez l'Am\u00e9nagement de Votre Potager","og_description":"Comment organiser son potager ? Lorsque que l\u2019on veux optimiser le&nbsp;rendement d\u2019un&nbsp;&nbsp;il est important de bien organiser les plantations, en effet certaines&nbsp;plantes&nbsp;se marient tr\u00e8s bien avec d\u2019autre mais peuvent aussi nuire \u00e0 leur croissance. Cependant certaines plantes \u00e9chappent a cette r\u00e8gles, les l\u00e9gumes dit p\u00e9rennes (c\u2019est \u00e0 dire qu\u2019il reste plant\u00e9 plusieurs ann\u00e9e de suite) [&hellip;]","og_url":"https:\/\/www.arrosagedujardin.fr\/guide\/organiser-son-potager\/","article_modified_time":"2026-02-16T18:05:37+00:00","og_image":[{"url":"https:\/\/www.arrosagedujardin.fr\/guide\/wp-content\/uploads\/2024\/10\/image-1-1024x684.png"}],"twitter_card":"summary_large_image","twitter_misc":{"Dur\u00e9e de lecture estim\u00e9e":"3 minutes"},"schema":{"@context":"https:\/\/schema.org","@graph":[{"@type":"WebPage","@id":"https:\/\/www.arrosagedujardin.fr\/guide\/organiser-son-potager\/","url":"https:\/\/www.arrosagedujardin.fr\/guide\/organiser-son-potager\/","name":"Optimisez l'Am\u00e9nagement de Votre Potager","isPartOf":{"@id":"https:\/\/www.arrosagedujardin.fr\/guide\/#website"},"datePublished":"2022-03-16T14:33:43+00:00","dateModified":"2026-02-16T18:05:37+00:00","breadcrumb":{"@id":"https:\/\/www.arrosagedujardin.fr\/guide\/organiser-son-potager\/#breadcrumb"},"inLanguage":"fr-FR","potentialAction":[{"@type":"ReadAction","target":["https:\/\/www.arrosagedujardin.fr\/guide\/organiser-son-potager\/"]}]},{"@type":"BreadcrumbList","@id":"https:\/\/www.arrosagedujardin.fr\/guide\/organiser-son-potager\/#breadcrumb","itemListElement":[{"@type":"ListItem","position":1,"name":"Home","item":"https:\/\/www.arrosagedujardin.fr\/guide\/"},{"@type":"ListItem","position":2,"name":"Optimisez l&rsquo;Am\u00e9nagement de Votre Potager"}]},{"@type":"WebSite","@id":"https:\/\/www.arrosagedujardin.fr\/guide\/#website","url":"https:\/\/www.arrosagedujardin.fr\/guide\/","name":"","description":"Guide sur l&#039;entretien et l&#039;arrosage du jardin","potentialAction":[{"@type":"SearchAction","target":{"@type":"EntryPoint","urlTemplate":"https:\/\/www.arrosagedujardin.fr\/guide\/?s={search_term_string}"},"query-input":"required name=search_term_string"}],"inLanguage":"fr-FR"}]}},"_links":{"self":[{"href":"https:\/\/www.arrosagedujardin.fr\/guide\/wp-json\/wp\/v2\/pages\/6190"}],"collection":[{"href":"https:\/\/www.arrosagedujardin.fr\/guide\/wp-json\/wp\/v2\/pages"}],"about":[{"href":"https:\/\/www.arrosagedujardin.fr\/guide\/wp-json\/wp\/v2\/types\/page"}],"author":[{"embeddable":true,"href":"https:\/\/www.arrosagedujardin.fr\/guide\/wp-json\/wp\/v2\/users\/1"}],"replies":[{"embeddable":true,"href":"https:\/\/www.arrosagedujardin.fr\/guide\/wp-json\/wp\/v2\/comments?post=6190"}],"version-history":[{"count":18,"href":"https:\/\/www.arrosagedujardin.fr\/guide\/wp-json\/wp\/v2\/pages\/6190\/revisions"}],"predecessor-version":[{"id":7981,"href":"https:\/\/www.arrosagedujardin.fr\/guide\/wp-json\/wp\/v2\/pages\/6190\/revisions\/7981"}],"wp:attachment":[{"href":"https:\/\/www.arrosagedujardin.fr\/guide\/wp-json\/wp\/v2\/media?parent=6190"}],"curies":[{"name":"wp","href":"https:\/\/api.w.org\/{rel}","templated":true}]}}