{"id":6194,"date":"2022-03-26T12:51:55","date_gmt":"2022-03-26T12:51:55","guid":{"rendered":"https:\/\/www.arrosagedujardin.fr\/guide\/?p=6194"},"modified":"2026-04-27T17:59:39","modified_gmt":"2026-04-27T17:59:39","slug":"quel-revetement-et-bache-votre-serre-de-jardin","status":"publish","type":"page","link":"https:\/\/www.arrosagedujardin.fr\/guide\/quel-revetement-et-bache-votre-serre-de-jardin\/","title":{"rendered":"Quel rev\u00eatement et b\u00e2che pour votre serre de jardin ?"},"content":{"rendered":"\n<p>Parmi les nombreuses questions \u00e0 se poser avant l\u2019achat d\u2019une&nbsp;serre de jardin&nbsp;se trouve celle concernant&nbsp;le choix du rev\u00eatement&nbsp;et de la&nbsp;b\u00e2che pour <a href=\"https:\/\/www.arrosagedujardin.fr\/guide\/planter-sous-serre-de-jardin\/\">serre<\/a> en verre, plastique ou film souple. <\/p>\n\n\n\n<p>Nous allons donc vous donner quelques \u00e9l\u00e9ments d\u2019appr\u00e9ciation pour vous aider \u00e0 faire votre choix, en fonction de vos besoins et de vos moyens.<\/p>\n\n\n\n<div id=\"ez-toc-container\" class=\"ez-toc-v2_0_71 counter-hierarchy ez-toc-counter ez-toc-grey ez-toc-container-direction\">\n<div class=\"ez-toc-title-container\">\n<p class=\"ez-toc-title\" style=\"cursor:inherit\">Sommaire<\/p>\n<span class=\"ez-toc-title-toggle\"><a href=\"#\" class=\"ez-toc-pull-right ez-toc-btn ez-toc-btn-xs ez-toc-btn-default ez-toc-toggle\" aria-label=\"Toggle Table of Content\"><span class=\"ez-toc-js-icon-con\"><span class=\"\"><span class=\"eztoc-hide\" style=\"display:none;\">Toggle<\/span><span class=\"ez-toc-icon-toggle-span\"><svg style=\"fill: #999;color:#999\" xmlns=\"http:\/\/www.w3.org\/2000\/svg\" class=\"list-377408\" width=\"20px\" height=\"20px\" viewBox=\"0 0 24 24\" fill=\"none\"><path d=\"M6 6H4v2h2V6zm14 0H8v2h12V6zM4 11h2v2H4v-2zm16 0H8v2h12v-2zM4 16h2v2H4v-2zm16 0H8v2h12v-2z\" fill=\"currentColor\"><\/path><\/svg><svg style=\"fill: #999;color:#999\" class=\"arrow-unsorted-368013\" xmlns=\"http:\/\/www.w3.org\/2000\/svg\" width=\"10px\" height=\"10px\" viewBox=\"0 0 24 24\" version=\"1.2\" baseProfile=\"tiny\"><path d=\"M18.2 9.3l-6.2-6.3-6.2 6.3c-.2.2-.3.4-.3.7s.1.5.3.7c.2.2.4.3.7.3h11c.3 0 .5-.1.7-.3.2-.2.3-.5.3-.7s-.1-.5-.3-.7zM5.8 14.7l6.2 6.3 6.2-6.3c.2-.2.3-.5.3-.7s-.1-.5-.3-.7c-.2-.2-.4-.3-.7-.3h-11c-.3 0-.5.1-.7.3-.2.2-.3.5-.3.7s.1.5.3.7z\"\/><\/svg><\/span><\/span><\/span><\/a><\/span><\/div>\n<nav><ul class='ez-toc-list ez-toc-list-level-1 eztoc-toggle-hide-by-default' ><ul class='ez-toc-list-level-3' ><li class='ez-toc-heading-level-3'><a class=\"ez-toc-link ez-toc-heading-1\" href=\"https:\/\/www.arrosagedujardin.fr\/guide\/quel-revetement-et-bache-votre-serre-de-jardin\/#Les_serres_de_jardin_en_verre_horticole\" title=\"Les serres de jardin en verre horticole\">Les serres de jardin en verre horticole<\/a><\/li><\/ul><\/li><li class='ez-toc-page-1 ez-toc-heading-level-2'><a class=\"ez-toc-link ez-toc-heading-2\" href=\"https:\/\/www.arrosagedujardin.fr\/guide\/quel-revetement-et-bache-votre-serre-de-jardin\/#Les_serres_de_jardin_en_plastique\" title=\"Les serres de jardin en plastique\">Les serres de jardin en plastique<\/a><ul class='ez-toc-list-level-3' ><li class='ez-toc-heading-level-3'><a class=\"ez-toc-link ez-toc-heading-3\" href=\"https:\/\/www.arrosagedujardin.fr\/guide\/quel-revetement-et-bache-votre-serre-de-jardin\/#Les_serres_de_jardin_avec_film_souple\" title=\"Les serres de jardin avec film souple\">Les serres de jardin avec film souple<\/a><\/li><\/ul><\/li><li class='ez-toc-page-1 ez-toc-heading-level-2'><a class=\"ez-toc-link ez-toc-heading-4\" href=\"https:\/\/www.arrosagedujardin.fr\/guide\/quel-revetement-et-bache-votre-serre-de-jardin\/#Bache_pour_serre_agricole\" title=\"B\u00e2che pour serre agricole\">B\u00e2che pour serre agricole<\/a><ul class='ez-toc-list-level-5' ><li class='ez-toc-heading-level-5'><ul class='ez-toc-list-level-5' ><li class='ez-toc-heading-level-5'><ul class='ez-toc-list-level-5' ><li class='ez-toc-heading-level-5'><a class=\"ez-toc-link ez-toc-heading-5\" href=\"https:\/\/www.arrosagedujardin.fr\/guide\/quel-revetement-et-bache-votre-serre-de-jardin\/#Tout_sur_la_serre_de_jardin\" title=\"Tout sur la serre de jardin :\">Tout sur la serre de jardin :<\/a><\/li><\/ul><\/li><\/ul><\/li><\/ul><\/li><\/ul><\/nav><\/div>\n\n\n\n\n<h3><span class=\"ez-toc-section\" id=\"Les_serres_de_jardin_en_verre_horticole\"><\/span>Les serres de jardin en verre horticole<span class=\"ez-toc-section-end\"><\/span><\/h3>\n\n\n\n<p>Le verre horticole est le rev\u00eatement&nbsp;le plus couramment employ\u00e9 dans une serre de jardin. <\/p>\n\n\n\n<p>Elles sont \u00e9galement pour beaucoup les plus esth\u00e9tiques et s\u2019int\u00e8grent plus naturellement dans votre jardin, sans d\u00e9naturer l\u2019atmosph\u00e8re que d\u00e9gage celui-ci.<\/p>\n\n\n\n<p>Les avantages du verre sont nombreux. Tout d\u2019abord, il est \u00e0 noter que le verre horticole assure&nbsp;<strong>la <\/strong>meilleure luminosit\u00e9, \u00e9l\u00e9ment central dans une serre. <\/p>\n\n\n\n<p>Il est en effet trait\u00e9 contre les rayons UV et filtre au moins 90% de la lumi\u00e8re. De plus, malgr\u00e9 sa fragilit\u00e9 naturelle, il est particuli\u00e8rement r\u00e9sistant \u00e0 l\u2019usure du temps&nbsp;(rayures, pluies acides, etc.) ainsi qu\u2019\u00e0 l\u2019usure humaine, \u00e0 savoir aux produits d\u2019entretien. Enfin, en cas de casse il reste tr\u00e8s facile \u00e0 remplacer, des standards \u00e9tant appliqu\u00e9s (le plus souvent 60 cm x 60 cm).<\/p>\n\n\n\n<p>N\u00e9anmoins, le verre reste donc comme dit pr\u00e9c\u00e9demment un mat\u00e9riau potentiellement fragile et surtout tr\u00e8s lourd, qui n\u00e9cessite donc&nbsp;une armature r\u00e9sistante et de bonne qualit\u00e9, donc plus ch\u00e8re.<\/p>\n\n\n\n<p>Il faut \u00e9viter d\u2019employer du verre pour le toit d\u2019une serre adoss\u00e9e compte tenu des risques plus \u00e9lev\u00e9s de chutes provenant du toit (neige, ardoises, effritement, etc.).<\/p>\n\n\n<div id=\"fox-b-1\"><div class=\"fox-placeholder fox-search-placeholder fox-skeleton-wrap fox-skeleton-wrap--grid\" data-search=\"1\" data-cache-key=\"a664a7980803c95a9e9d\" data-keyword=\"bache de serre\" data-node=\"\" data-locale=\"FR\" data-count=\"3\" data-sort=\"Featured\" data-layout=\"grid\" data-title=\"\" data-class=\"\" data-source=\"block-smart\" data-worker=\"1\"><div class=\"fox-skeleton-card fox-skeleton-card--vertical\"><div class=\"fox-skeleton__image fox-skeleton__image--tall fox-shimmer\"><\/div><div class=\"fox-skeleton__body\"><div class=\"fox-skeleton__line fox-skeleton__line--title fox-shimmer\"><\/div><div class=\"fox-skeleton__line fox-skeleton__line--short fox-shimmer\"><\/div><div class=\"fox-skeleton__footer\"><div class=\"fox-skeleton__line fox-skeleton__line--price fox-shimmer\"><\/div><div class=\"fox-skeleton__line fox-skeleton__line--btn fox-shimmer\"><\/div><\/div><\/div><\/div><div class=\"fox-skeleton-card fox-skeleton-card--vertical\"><div class=\"fox-skeleton__image fox-skeleton__image--tall fox-shimmer\"><\/div><div class=\"fox-skeleton__body\"><div class=\"fox-skeleton__line fox-skeleton__line--title fox-shimmer\"><\/div><div class=\"fox-skeleton__line fox-skeleton__line--short fox-shimmer\"><\/div><div class=\"fox-skeleton__footer\"><div class=\"fox-skeleton__line fox-skeleton__line--price fox-shimmer\"><\/div><div class=\"fox-skeleton__line fox-skeleton__line--btn fox-shimmer\"><\/div><\/div><\/div><\/div><div class=\"fox-skeleton-card fox-skeleton-card--vertical\"><div class=\"fox-skeleton__image fox-skeleton__image--tall fox-shimmer\"><\/div><div class=\"fox-skeleton__body\"><div class=\"fox-skeleton__line fox-skeleton__line--title fox-shimmer\"><\/div><div class=\"fox-skeleton__line fox-skeleton__line--short fox-shimmer\"><\/div><div class=\"fox-skeleton__footer\"><div class=\"fox-skeleton__line fox-skeleton__line--price fox-shimmer\"><\/div><div class=\"fox-skeleton__line fox-skeleton__line--btn fox-shimmer\"><\/div><\/div><\/div><\/div><\/div><\/div>\n\n\n<h2><span class=\"ez-toc-section\" id=\"Les_serres_de_jardin_en_plastique\"><\/span>Les serres de jardin en plastique<span class=\"ez-toc-section-end\"><\/span><\/h2>\n\n\n\n<p>Le plastique est&nbsp;de plus en plus courant&nbsp;et tend de plus en plus \u00e0 remplacer le verre horticole. Bien que moins esth\u00e9tique, il peut ais\u00e9ment faire illusion si bien entretenu.<\/p>\n\n\n\n<p>Les avantages du rev\u00eatement de serre de jardin en plastique sont tout d\u2019abord son&nbsp;faible encombrement et sa facilit\u00e9 de transport et de montage. <\/p>\n\n\n\n<p>Il est de m\u00eame incassable. Tout \u00e0 l\u2019inverse du verre donc. Son faible encombrement permet en outre d\u2019avoir une structur\u00e9e plus l\u00e9g\u00e8re, avec des panneaux plus grands et projetant donc moins d\u2019ombre sur vos plantes. <\/p>\n\n\n\n<p>Les nouveaux plastiques horticoles sont eux aussi trait\u00e9s contre les UV et ont vu leur dur\u00e9e de vie s\u2019accroitre jusqu\u2019\u00e0 une dizaine d\u2019ann\u00e9es aujourd\u2019hui. <\/p>\n\n\n\n<p>L\u2019isolation thermique&nbsp;peut enfin \u00eatre plus efficace que dans le cas du verre horticole (choisir des \u00e9paisseurs importantes).<\/p>\n\n\n\n<p>A l\u2019inverse, l\u2019opacit\u00e9 du plastique s\u2019accroit avec le temps et est beaucoup plus difficile \u00e0 faire disparaitre que sur du verre, d\u2019o\u00f9 l\u2019importance d\u2019un entretien r\u00e9gulier. <\/p>\n\n\n\n<p>Sinon quoi la luminosit\u00e9 de votre serre ira en diminuant\u2026<\/p>\n\n\n\n<p>Il existe deux types de plastique utilis\u00e9 dans le rev\u00eatement de serre, l\u2019acrylique et le polycarbonate. L\u2019acrylique&nbsp;assure une filtration de la lumi\u00e8re proche de celui du verre (environ 85%) mais est beaucoup plus fragile. <\/p>\n\n\n\n<p>Le&nbsp;polycarbonate, le plus couramment utilis\u00e9, filtre seulement 80% de la lumi\u00e8re du soleil mais voit son opacit\u00e9 dans le temps augmenter tr\u00e8s faiblement, et est \u00e9galement beaucoup plus r\u00e9sistant.<\/p>\n\n\n<div id=\"fox-b-2\"><div class=\"fox-placeholder fox-search-placeholder fox-skeleton-wrap fox-skeleton-wrap--grid\" data-search=\"1\" data-cache-key=\"50bd6d5d8e7abf0f04c4\" data-keyword=\"serre de jardin en plastique\" data-node=\"\" data-locale=\"FR\" data-count=\"3\" data-sort=\"Featured\" data-layout=\"grid\" data-title=\"\" data-class=\"\" data-source=\"block-smart\" data-worker=\"1\"><div class=\"fox-skeleton-card fox-skeleton-card--vertical\"><div class=\"fox-skeleton__image fox-skeleton__image--tall fox-shimmer\"><\/div><div class=\"fox-skeleton__body\"><div class=\"fox-skeleton__line fox-skeleton__line--title fox-shimmer\"><\/div><div class=\"fox-skeleton__line fox-skeleton__line--short fox-shimmer\"><\/div><div class=\"fox-skeleton__footer\"><div class=\"fox-skeleton__line fox-skeleton__line--price fox-shimmer\"><\/div><div class=\"fox-skeleton__line fox-skeleton__line--btn fox-shimmer\"><\/div><\/div><\/div><\/div><div class=\"fox-skeleton-card fox-skeleton-card--vertical\"><div class=\"fox-skeleton__image fox-skeleton__image--tall fox-shimmer\"><\/div><div class=\"fox-skeleton__body\"><div class=\"fox-skeleton__line fox-skeleton__line--title fox-shimmer\"><\/div><div class=\"fox-skeleton__line fox-skeleton__line--short fox-shimmer\"><\/div><div class=\"fox-skeleton__footer\"><div class=\"fox-skeleton__line fox-skeleton__line--price fox-shimmer\"><\/div><div class=\"fox-skeleton__line fox-skeleton__line--btn fox-shimmer\"><\/div><\/div><\/div><\/div><div class=\"fox-skeleton-card fox-skeleton-card--vertical\"><div class=\"fox-skeleton__image fox-skeleton__image--tall fox-shimmer\"><\/div><div class=\"fox-skeleton__body\"><div class=\"fox-skeleton__line fox-skeleton__line--title fox-shimmer\"><\/div><div class=\"fox-skeleton__line fox-skeleton__line--short fox-shimmer\"><\/div><div class=\"fox-skeleton__footer\"><div class=\"fox-skeleton__line fox-skeleton__line--price fox-shimmer\"><\/div><div class=\"fox-skeleton__line fox-skeleton__line--btn fox-shimmer\"><\/div><\/div><\/div><\/div><\/div><\/div>\n\n\n<h3><span class=\"ez-toc-section\" id=\"Les_serres_de_jardin_avec_film_souple\"><\/span>Les serres de jardin avec film souple<span class=\"ez-toc-section-end\"><\/span><\/h3>\n\n\n\n<p>Il existe enfin le&nbsp;film souple&nbsp;qui recouvre principalement une&nbsp;serre tunnel&nbsp;ou une serre traditionnelle d\u2019entr\u00e9e de gamme.<\/p>\n\n\n\n<p>D\u2019un c\u00f4t\u00e9,&nbsp;le&nbsp;poly\u00e9thyl\u00e8ne&nbsp;assure une&nbsp;tr\u00e8s bonne filtration de la lumi\u00e8re&nbsp;(environ 90%, comparable au verre) ; de l\u2019autre&nbsp;le&nbsp;PVC&nbsp;beaucoup moins filtrant mais&nbsp;beaucoup&nbsp;plus solide, ce qui \u00e9vite un d\u00e9chirement pr\u00e9matur\u00e9 et accentu\u00e9 de votre rev\u00eatement.<\/p>\n\n\n\n<p>N\u00e9anmoins, dans tous les cas,&nbsp;l\u2019isolation thermique est beaucoup moins importante&nbsp;et varie beaucoup en quelques heures, ce qui peut tout de m\u00eame porter pr\u00e9judice aux plantes les plus fragiles. <\/p>\n\n\n\n<p>Sa dur\u00e9e de vie est \u00e9galement beaucoup plus fin (il est \u00e0 changer avant cinq ans \u00e0 chaque fois, contre pr\u00e8s de 10 pour les rev\u00eatement en plastique traditionnel).<\/p>\n\n\n\n<p>Il reste que&nbsp;la serre tunnel&nbsp;reste la serre de jardin la plus \u00e9conomique et convient \u00e0 la plupart des utilisations courantes.<\/p>\n\n\n<div id=\"fox-b-3\"><div class=\"fox-placeholder fox-search-placeholder fox-skeleton-wrap fox-skeleton-wrap--grid\" data-search=\"1\" data-cache-key=\"c1d1641b4ac9904272b2\" data-keyword=\"serres de jardin avec film souple\" data-node=\"\" data-locale=\"FR\" data-count=\"3\" data-sort=\"Featured\" data-layout=\"grid\" data-title=\"\" data-class=\"\" data-source=\"block-smart\" data-worker=\"1\"><div class=\"fox-skeleton-card fox-skeleton-card--vertical\"><div class=\"fox-skeleton__image fox-skeleton__image--tall fox-shimmer\"><\/div><div class=\"fox-skeleton__body\"><div class=\"fox-skeleton__line fox-skeleton__line--title fox-shimmer\"><\/div><div class=\"fox-skeleton__line fox-skeleton__line--short fox-shimmer\"><\/div><div class=\"fox-skeleton__footer\"><div class=\"fox-skeleton__line fox-skeleton__line--price fox-shimmer\"><\/div><div class=\"fox-skeleton__line fox-skeleton__line--btn fox-shimmer\"><\/div><\/div><\/div><\/div><div class=\"fox-skeleton-card fox-skeleton-card--vertical\"><div class=\"fox-skeleton__image fox-skeleton__image--tall fox-shimmer\"><\/div><div class=\"fox-skeleton__body\"><div class=\"fox-skeleton__line fox-skeleton__line--title fox-shimmer\"><\/div><div class=\"fox-skeleton__line fox-skeleton__line--short fox-shimmer\"><\/div><div class=\"fox-skeleton__footer\"><div class=\"fox-skeleton__line fox-skeleton__line--price fox-shimmer\"><\/div><div class=\"fox-skeleton__line fox-skeleton__line--btn fox-shimmer\"><\/div><\/div><\/div><\/div><div class=\"fox-skeleton-card fox-skeleton-card--vertical\"><div class=\"fox-skeleton__image fox-skeleton__image--tall fox-shimmer\"><\/div><div class=\"fox-skeleton__body\"><div class=\"fox-skeleton__line fox-skeleton__line--title fox-shimmer\"><\/div><div class=\"fox-skeleton__line fox-skeleton__line--short fox-shimmer\"><\/div><div class=\"fox-skeleton__footer\"><div class=\"fox-skeleton__line fox-skeleton__line--price fox-shimmer\"><\/div><div class=\"fox-skeleton__line fox-skeleton__line--btn fox-shimmer\"><\/div><\/div><\/div><\/div><\/div><\/div>\n\n\n<h2><span class=\"ez-toc-section\" id=\"Bache_pour_serre_agricole\"><\/span>B\u00e2che pour serre agricole<span class=\"ez-toc-section-end\"><\/span><\/h2>\n\n\n\n<p>Vous connaissez d\u00e9sormais les diff\u00e9rents mod\u00e8les de b\u00e2che qui existent pour les serres de jardin. De ce fait, on peut pr\u00e9sentement aborder le sujet des serres agricoles et vous pr\u00e9senter des mod\u00e8les de b\u00e2ches. Ce type de <a href=\"https:\/\/www.nordbaches.com\/1369-bache-pour-tunnel-agricole.html\">b\u00e2che pour serre<\/a> est utile aux agriculteurs pour prot\u00e9ger leur culture sous serre et stocker du mat\u00e9riel.<\/p>\n\n\n\n<p> Plusieurs mod\u00e8les de b\u00e2che pour serre sont disponibles, qui sont <strong>g\u00e9n\u00e9ralement opaques et de couleurs sombres<\/strong>. Vous pouvez aussi retrouver de mani\u00e8re plus \u00e9pisodique des b\u00e2ches dans des coloris clairs ou transparentes et arm\u00e9es.<\/p>\n\n\n\n<p>Le principe des b\u00e2ches pour serre est assez simple et tr\u00e8s peu on\u00e9reux, comme il suppose de confectionner un d\u00e9veloppement de b\u00e2cher fait pour recouvrir une armature en demi-cercle. <\/p>\n\n\n\n<p>Elle est indispensable aux agriculteurs et si vous en \u00eates un qui cherche des b\u00e2ches pour recouvrir ses serres, on peut vous recommander de faire un tour sur le site de nordbaches.com, qui vend de nombreux mod\u00e8les de b\u00e2ches pour les serres agricoles. <\/p>\n\n\n\n<p>Ces derni\u00e8res sont <strong>toutes de grande qualit\u00e9 <\/strong>et dans de diverses dimensions, permettant aux agriculteurs de couvrir tout type de serre pendant plusieurs ann\u00e9es avec ces b\u00e2ches.<\/p>\n\n\n\n<h5><span class=\"ez-toc-section\" id=\"Tout_sur_la_serre_de_jardin\"><\/span>Tout sur la serre de jardin :<span class=\"ez-toc-section-end\"><\/span><\/h5>\n\n\n\n<ul><li><a href=\"https:\/\/www.arrosagedujardin.fr\/guide\/installer-une-serre-de-jardin-verre-alu\/\">Installer une serre de jardin<\/a><\/li><li><a href=\"https:\/\/www.arrosagedujardin.fr\/guide\/tout-savoir-sur-la-mini-serre-de-jardin\/\">Mini serre<\/a><\/li><li><a href=\"https:\/\/www.arrosagedujardin.fr\/guide\/serre-de-jardin-4-saison\/\">Cultures saisonni\u00e8res sous serre<\/a><\/li><li><a href=\"https:\/\/www.arrosagedujardin.fr\/guide\/serre-adossee\/\">Serre adoss\u00e9e<\/a><\/li><li><a href=\"https:\/\/www.arrosagedujardin.fr\/guide\/chauffage-de-serre-de-jardin\/\">Chauffer votre serre de jardin<\/a><\/li><li><a href=\"https:\/\/www.arrosagedujardin.fr\/guide\/serre-tunnel\/\">Serre tunnel<\/a><\/li><\/ul>\n","protected":false},"excerpt":{"rendered":"<p>Parmi les nombreuses questions \u00e0 se poser avant l\u2019achat d\u2019une&nbsp;serre de jardin&nbsp;se trouve celle concernant&nbsp;le choix du rev\u00eatement&nbsp;et de la&nbsp;b\u00e2che pour en verre, plastique ou film souple. Nous allons donc vous donner quelques \u00e9l\u00e9ments d\u2019appr\u00e9ciation pour vous aider \u00e0 faire votre choix, en fonction de vos besoins et de vos moyens. Les serres de jardin [&hellip;]<\/p>\n","protected":false},"author":1,"featured_media":0,"parent":0,"menu_order":0,"comment_status":"open","ping_status":"open","template":"","meta":{"_links_to":"","_links_to_target":""},"yoast_head":"<!-- This site is optimized with the Yoast SEO plugin v20.6 - https:\/\/yoast.com\/wordpress\/plugins\/seo\/ -->\n<title>Quel rev\u00eatement et b\u00e2che pour votre serre de jardin ?<\/title>\n<meta name=\"robots\" content=\"index, follow, max-snippet:-1, max-image-preview:large, max-video-preview:-1\" \/>\n<link rel=\"canonical\" href=\"https:\/\/www.arrosagedujardin.fr\/guide\/quel-revetement-et-bache-votre-serre-de-jardin\/\" \/>\n<meta property=\"og:locale\" content=\"fr_FR\" \/>\n<meta property=\"og:type\" content=\"article\" \/>\n<meta property=\"og:title\" content=\"Quel rev\u00eatement et b\u00e2che pour votre serre de jardin ?\" \/>\n<meta property=\"og:description\" content=\"Parmi les nombreuses questions \u00e0 se poser avant l\u2019achat d\u2019une&nbsp;serre de jardin&nbsp;se trouve celle concernant&nbsp;le choix du rev\u00eatement&nbsp;et de la&nbsp;b\u00e2che pour en verre, plastique ou film souple. Nous allons donc vous donner quelques \u00e9l\u00e9ments d\u2019appr\u00e9ciation pour vous aider \u00e0 faire votre choix, en fonction de vos besoins et de vos moyens. Les serres de jardin [&hellip;]\" \/>\n<meta property=\"og:url\" content=\"https:\/\/www.arrosagedujardin.fr\/guide\/quel-revetement-et-bache-votre-serre-de-jardin\/\" \/>\n<meta property=\"article:modified_time\" content=\"2026-04-27T17:59:39+00:00\" \/>\n<meta name=\"twitter:card\" content=\"summary_large_image\" \/>\n<meta name=\"twitter:label1\" content=\"Dur\u00e9e de lecture estim\u00e9e\" \/>\n\t<meta name=\"twitter:data1\" content=\"5 minutes\" \/>\n<script type=\"application\/ld+json\" class=\"yoast-schema-graph\">{\"@context\":\"https:\/\/schema.org\",\"@graph\":[{\"@type\":\"WebPage\",\"@id\":\"https:\/\/www.arrosagedujardin.fr\/guide\/quel-revetement-et-bache-votre-serre-de-jardin\/\",\"url\":\"https:\/\/www.arrosagedujardin.fr\/guide\/quel-revetement-et-bache-votre-serre-de-jardin\/\",\"name\":\"Quel rev\u00eatement et b\u00e2che pour votre serre de jardin ?\",\"isPartOf\":{\"@id\":\"https:\/\/www.arrosagedujardin.fr\/guide\/#website\"},\"datePublished\":\"2022-03-26T12:51:55+00:00\",\"dateModified\":\"2026-04-27T17:59:39+00:00\",\"breadcrumb\":{\"@id\":\"https:\/\/www.arrosagedujardin.fr\/guide\/quel-revetement-et-bache-votre-serre-de-jardin\/#breadcrumb\"},\"inLanguage\":\"fr-FR\",\"potentialAction\":[{\"@type\":\"ReadAction\",\"target\":[\"https:\/\/www.arrosagedujardin.fr\/guide\/quel-revetement-et-bache-votre-serre-de-jardin\/\"]}]},{\"@type\":\"BreadcrumbList\",\"@id\":\"https:\/\/www.arrosagedujardin.fr\/guide\/quel-revetement-et-bache-votre-serre-de-jardin\/#breadcrumb\",\"itemListElement\":[{\"@type\":\"ListItem\",\"position\":1,\"name\":\"Home\",\"item\":\"https:\/\/www.arrosagedujardin.fr\/guide\/\"},{\"@type\":\"ListItem\",\"position\":2,\"name\":\"Quel rev\u00eatement et b\u00e2che pour votre serre de jardin ?\"}]},{\"@type\":\"WebSite\",\"@id\":\"https:\/\/www.arrosagedujardin.fr\/guide\/#website\",\"url\":\"https:\/\/www.arrosagedujardin.fr\/guide\/\",\"name\":\"\",\"description\":\"Guide sur l&#039;entretien et l&#039;arrosage du jardin\",\"potentialAction\":[{\"@type\":\"SearchAction\",\"target\":{\"@type\":\"EntryPoint\",\"urlTemplate\":\"https:\/\/www.arrosagedujardin.fr\/guide\/?s={search_term_string}\"},\"query-input\":\"required name=search_term_string\"}],\"inLanguage\":\"fr-FR\"}]}<\/script>\n<!-- \/ Yoast SEO plugin. -->","yoast_head_json":{"title":"Quel rev\u00eatement et b\u00e2che pour votre serre de jardin ?","robots":{"index":"index","follow":"follow","max-snippet":"max-snippet:-1","max-image-preview":"max-image-preview:large","max-video-preview":"max-video-preview:-1"},"canonical":"https:\/\/www.arrosagedujardin.fr\/guide\/quel-revetement-et-bache-votre-serre-de-jardin\/","og_locale":"fr_FR","og_type":"article","og_title":"Quel rev\u00eatement et b\u00e2che pour votre serre de jardin ?","og_description":"Parmi les nombreuses questions \u00e0 se poser avant l\u2019achat d\u2019une&nbsp;serre de jardin&nbsp;se trouve celle concernant&nbsp;le choix du rev\u00eatement&nbsp;et de la&nbsp;b\u00e2che pour en verre, plastique ou film souple. Nous allons donc vous donner quelques \u00e9l\u00e9ments d\u2019appr\u00e9ciation pour vous aider \u00e0 faire votre choix, en fonction de vos besoins et de vos moyens. Les serres de jardin [&hellip;]","og_url":"https:\/\/www.arrosagedujardin.fr\/guide\/quel-revetement-et-bache-votre-serre-de-jardin\/","article_modified_time":"2026-04-27T17:59:39+00:00","twitter_card":"summary_large_image","twitter_misc":{"Dur\u00e9e de lecture estim\u00e9e":"5 minutes"},"schema":{"@context":"https:\/\/schema.org","@graph":[{"@type":"WebPage","@id":"https:\/\/www.arrosagedujardin.fr\/guide\/quel-revetement-et-bache-votre-serre-de-jardin\/","url":"https:\/\/www.arrosagedujardin.fr\/guide\/quel-revetement-et-bache-votre-serre-de-jardin\/","name":"Quel rev\u00eatement et b\u00e2che pour votre serre de jardin ?","isPartOf":{"@id":"https:\/\/www.arrosagedujardin.fr\/guide\/#website"},"datePublished":"2022-03-26T12:51:55+00:00","dateModified":"2026-04-27T17:59:39+00:00","breadcrumb":{"@id":"https:\/\/www.arrosagedujardin.fr\/guide\/quel-revetement-et-bache-votre-serre-de-jardin\/#breadcrumb"},"inLanguage":"fr-FR","potentialAction":[{"@type":"ReadAction","target":["https:\/\/www.arrosagedujardin.fr\/guide\/quel-revetement-et-bache-votre-serre-de-jardin\/"]}]},{"@type":"BreadcrumbList","@id":"https:\/\/www.arrosagedujardin.fr\/guide\/quel-revetement-et-bache-votre-serre-de-jardin\/#breadcrumb","itemListElement":[{"@type":"ListItem","position":1,"name":"Home","item":"https:\/\/www.arrosagedujardin.fr\/guide\/"},{"@type":"ListItem","position":2,"name":"Quel rev\u00eatement et b\u00e2che pour votre serre de jardin ?"}]},{"@type":"WebSite","@id":"https:\/\/www.arrosagedujardin.fr\/guide\/#website","url":"https:\/\/www.arrosagedujardin.fr\/guide\/","name":"","description":"Guide sur l&#039;entretien et l&#039;arrosage du jardin","potentialAction":[{"@type":"SearchAction","target":{"@type":"EntryPoint","urlTemplate":"https:\/\/www.arrosagedujardin.fr\/guide\/?s={search_term_string}"},"query-input":"required name=search_term_string"}],"inLanguage":"fr-FR"}]}},"_links":{"self":[{"href":"https:\/\/www.arrosagedujardin.fr\/guide\/wp-json\/wp\/v2\/pages\/6194"}],"collection":[{"href":"https:\/\/www.arrosagedujardin.fr\/guide\/wp-json\/wp\/v2\/pages"}],"about":[{"href":"https:\/\/www.arrosagedujardin.fr\/guide\/wp-json\/wp\/v2\/types\/page"}],"author":[{"embeddable":true,"href":"https:\/\/www.arrosagedujardin.fr\/guide\/wp-json\/wp\/v2\/users\/1"}],"replies":[{"embeddable":true,"href":"https:\/\/www.arrosagedujardin.fr\/guide\/wp-json\/wp\/v2\/comments?post=6194"}],"version-history":[{"count":20,"href":"https:\/\/www.arrosagedujardin.fr\/guide\/wp-json\/wp\/v2\/pages\/6194\/revisions"}],"predecessor-version":[{"id":8679,"href":"https:\/\/www.arrosagedujardin.fr\/guide\/wp-json\/wp\/v2\/pages\/6194\/revisions\/8679"}],"wp:attachment":[{"href":"https:\/\/www.arrosagedujardin.fr\/guide\/wp-json\/wp\/v2\/media?parent=6194"}],"curies":[{"name":"wp","href":"https:\/\/api.w.org\/{rel}","templated":true}]}}