{"id":6198,"date":"2022-03-26T12:41:38","date_gmt":"2022-03-26T12:41:38","guid":{"rendered":"https:\/\/www.arrosagedujardin.fr\/guide\/?p=6198"},"modified":"2026-02-16T18:29:26","modified_gmt":"2026-02-16T18:29:26","slug":"serre-adossee","status":"publish","type":"page","link":"https:\/\/www.arrosagedujardin.fr\/guide\/serre-adossee\/","title":{"rendered":"Optez pour la serre adoss\u00e9e"},"content":{"rendered":"\n<h1><span class=\"ez-toc-section\" id=\"Optez_pour_la_serre_adossee\"><\/span>Optez pour la serre adoss\u00e9e<span class=\"ez-toc-section-end\"><\/span><\/h1>\n\n\n\n<p>La<strong>&nbsp;<\/strong>serre adoss\u00e9e&nbsp;est un type de serre qui a un toit inclin\u00e9. Ce type de <a href=\"https:\/\/www.arrosagedujardin.fr\/guide\/planter-sous-serre-de-jardin\/\">serre de jardin<\/a> est souvent utilis\u00e9 dans les r\u00e9gions o\u00f9 le climat a des hivers froids et des \u00e9t\u00e9s doux.<\/p>\n\n\n\n<p>Elle peut \u00eatre une bonne id\u00e9e pour&nbsp;combiner&nbsp;serre de jardin&nbsp;et jardin d\u2019hiver&nbsp;contigu \u00e0 votre maison, pour profiter au mieux de vos plantes toute l\u2019ann\u00e9e. <\/p>\n\n\n\n<p>Elle permet de ce fait de r\u00e9aliser des \u00e9conomies substantielles ,mais ne vous d\u00e9gage pas de l\u2019entretien de jardin. <\/p>\n\n\n\n<p>Explications et pr\u00e9sentation.<\/p>\n\n\n\n<p>Pour faire simple, une serre adoss\u00e9e c\u2019est une demie&nbsp;serre de jardin adoss\u00e9e&nbsp;\u00e0 un pan de votre maison.<\/p>\n\n\n\n<div id=\"ez-toc-container\" class=\"ez-toc-v2_0_71 counter-hierarchy ez-toc-counter ez-toc-grey ez-toc-container-direction\">\n<div class=\"ez-toc-title-container\">\n<p class=\"ez-toc-title\" style=\"cursor:inherit\">Sommaire<\/p>\n<span class=\"ez-toc-title-toggle\"><a href=\"#\" class=\"ez-toc-pull-right ez-toc-btn ez-toc-btn-xs ez-toc-btn-default ez-toc-toggle\" aria-label=\"Toggle Table of Content\"><span class=\"ez-toc-js-icon-con\"><span class=\"\"><span class=\"eztoc-hide\" style=\"display:none;\">Toggle<\/span><span class=\"ez-toc-icon-toggle-span\"><svg style=\"fill: #999;color:#999\" xmlns=\"http:\/\/www.w3.org\/2000\/svg\" class=\"list-377408\" width=\"20px\" height=\"20px\" viewBox=\"0 0 24 24\" fill=\"none\"><path d=\"M6 6H4v2h2V6zm14 0H8v2h12V6zM4 11h2v2H4v-2zm16 0H8v2h12v-2zM4 16h2v2H4v-2zm16 0H8v2h12v-2z\" fill=\"currentColor\"><\/path><\/svg><svg style=\"fill: #999;color:#999\" class=\"arrow-unsorted-368013\" xmlns=\"http:\/\/www.w3.org\/2000\/svg\" width=\"10px\" height=\"10px\" viewBox=\"0 0 24 24\" version=\"1.2\" baseProfile=\"tiny\"><path d=\"M18.2 9.3l-6.2-6.3-6.2 6.3c-.2.2-.3.4-.3.7s.1.5.3.7c.2.2.4.3.7.3h11c.3 0 .5-.1.7-.3.2-.2.3-.5.3-.7s-.1-.5-.3-.7zM5.8 14.7l6.2 6.3 6.2-6.3c.2-.2.3-.5.3-.7s-.1-.5-.3-.7c-.2-.2-.4-.3-.7-.3h-11c-.3 0-.5.1-.7.3-.2.2-.3.5-.3.7s.1.5.3.7z\"\/><\/svg><\/span><\/span><\/span><\/a><\/span><\/div>\n<nav><ul class='ez-toc-list ez-toc-list-level-1 eztoc-toggle-hide-by-default' ><li class='ez-toc-page-1 ez-toc-heading-level-1'><a class=\"ez-toc-link ez-toc-heading-1\" href=\"https:\/\/www.arrosagedujardin.fr\/guide\/serre-adossee\/#Optez_pour_la_serre_adossee\" title=\"Optez pour la serre adoss\u00e9e\">Optez pour la serre adoss\u00e9e<\/a><ul class='ez-toc-list-level-2' ><li class='ez-toc-heading-level-2'><a class=\"ez-toc-link ez-toc-heading-2\" href=\"https:\/\/www.arrosagedujardin.fr\/guide\/serre-adossee\/#Les_avantages_de_la_serre_adossee\" title=\"Les avantages de la serre adoss\u00e9e\">Les avantages de la serre adoss\u00e9e<\/a><\/li><li class='ez-toc-page-1 ez-toc-heading-level-2'><a class=\"ez-toc-link ez-toc-heading-3\" href=\"https:\/\/www.arrosagedujardin.fr\/guide\/serre-adossee\/#Niveau_des_serres_adossees\" title=\"Niveau des serres adoss\u00e9es\">Niveau des serres adoss\u00e9es<\/a><ul class='ez-toc-list-level-3' ><li class='ez-toc-heading-level-3'><a class=\"ez-toc-link ez-toc-heading-4\" href=\"https:\/\/www.arrosagedujardin.fr\/guide\/serre-adossee\/#Niveau_unique\" title=\"Niveau unique&nbsp;:\">Niveau unique&nbsp;:<\/a><\/li><li class='ez-toc-page-1 ez-toc-heading-level-3'><a class=\"ez-toc-link ez-toc-heading-5\" href=\"https:\/\/www.arrosagedujardin.fr\/guide\/serre-adossee\/#Double_niveau\" title=\"Double niveau&nbsp;:\">Double niveau&nbsp;:<\/a><\/li><\/ul><\/li><li class='ez-toc-page-1 ez-toc-heading-level-2'><a class=\"ez-toc-link ez-toc-heading-6\" href=\"https:\/\/www.arrosagedujardin.fr\/guide\/serre-adossee\/#Quel_doit-etre_lorientation_de_la_serre_adossee\" title=\"Quel doit-\u00eatre l&rsquo;orientation de la serre adoss\u00e9e\">Quel doit-\u00eatre l&rsquo;orientation de la serre adoss\u00e9e<\/a><ul class='ez-toc-list-level-5' ><li class='ez-toc-heading-level-5'><ul class='ez-toc-list-level-5' ><li class='ez-toc-heading-level-5'><ul class='ez-toc-list-level-5' ><li class='ez-toc-heading-level-5'><a class=\"ez-toc-link ez-toc-heading-7\" href=\"https:\/\/www.arrosagedujardin.fr\/guide\/serre-adossee\/#Tout_sur_la_serre_de_jardin\" title=\"Tout sur la serre de jardin :\">Tout sur la serre de jardin :<\/a><\/li><\/ul><\/li><\/ul><\/li><\/ul><\/li><\/ul><\/li><\/ul><\/nav><\/div>\n\n\n\n\n<h2><span class=\"ez-toc-section\" id=\"Les_avantages_de_la_serre_adossee\"><\/span>Les avantages de la serre adoss\u00e9e<span class=\"ez-toc-section-end\"><\/span><\/h2>\n\n\n\n<p>Une serre adoss\u00e9e pr\u00e9sente donc de multiples avantages :<\/p>\n\n\n\n<ul><li><strong>Economie \u00e0 l\u2019achat<\/strong>&nbsp;: Puisqu\u2019il n\u2019y a plus qu\u2019un pan de serre \u00e0 monter, la surface de la serre \u00e0 acheter est d\u2019autant diminu\u00e9 et son prix \u00e9galement.<\/li><li><strong>Economie \u00e0 l\u2019installation<\/strong>&nbsp;: La proximit\u00e9 avec votre habitation vous permet de b\u00e9n\u00e9ficier ais\u00e9ment et sans grandes installations des r\u00e9seaux \u00e9lectriques et d\u2019eau, utiles pour chauffer, \u00e9clairer et arroser votre serre.<\/li><li><strong>Economie \u00e0 l\u2019utilisation<\/strong>&nbsp;: Le mur de votre maison permet de fournir une partie de la chaleur destin\u00e9 au chauffage de la serre pendant les saisons froides. Les pertes de calories sont plus faibles qu\u2019avec une serre de jardin tunnel ou traditionnelle.<\/li><li>La serre adoss\u00e9e vous permet \u00e9galement en \u00e9tant contig\u00fce \u00e0 votre maison d\u2019installer directement une porte pour&nbsp;<strong>communiquer entre la maison et la serre de jardin<\/strong>&nbsp;et ainsi ne plus avoir besoin de passer par le jardin, notamment durant les p\u00e9riodes froides ou d\u2019intemp\u00e9ries.<\/li><li>Enfin, cette communication imm\u00e9diate et ais\u00e9e entre la maison et la serre de jardin vous assure le confort et l\u2019aspect pratique d\u2019une pi\u00e8ce suppl\u00e9mentaire, utilisable comme&nbsp;<strong>jardin d\u2019hiver&nbsp;voire comme une (petite) v\u00e9randa<\/strong>&nbsp;remplie de v\u00e9g\u00e9tation (\u00e0 condition de pr\u00e9voir de la place pour vous et non seulement pour vos diverses plantations !)<\/li><\/ul>\n\n\n\n<p>Techniquement parlant, la&nbsp;<strong>serre adoss\u00e9e<\/strong>&nbsp;est constitu\u00e9e de panneaux rigides et transparents (de verre ou de plastique) sur une structure de bois ou d\u2019aluminium.<\/p>\n\n\n\n<div class=\"fox-placeholder fox-search-placeholder fox-skeleton-wrap fox-skeleton-wrap--grid\" data-search=\"1\" data-cache-key=\"f7898fd7d974fe9cbd9b\" data-keyword=\"serre adoss\u00e9e\" data-node=\"\" data-locale=\"FR\" data-count=\"3\" data-sort=\"Featured\" data-layout=\"grid\" data-title=\"\" data-class=\"\" data-source=\"\" data-worker=\"1\"><div class=\"fox-skeleton-card fox-skeleton-card--vertical\"><div class=\"fox-skeleton__image fox-skeleton__image--tall fox-shimmer\"><\/div><div class=\"fox-skeleton__body\"><div class=\"fox-skeleton__line fox-skeleton__line--title fox-shimmer\"><\/div><div class=\"fox-skeleton__line fox-skeleton__line--short fox-shimmer\"><\/div><div class=\"fox-skeleton__footer\"><div class=\"fox-skeleton__line fox-skeleton__line--price fox-shimmer\"><\/div><div class=\"fox-skeleton__line fox-skeleton__line--btn fox-shimmer\"><\/div><\/div><\/div><\/div><div class=\"fox-skeleton-card fox-skeleton-card--vertical\"><div class=\"fox-skeleton__image fox-skeleton__image--tall fox-shimmer\"><\/div><div class=\"fox-skeleton__body\"><div class=\"fox-skeleton__line fox-skeleton__line--title fox-shimmer\"><\/div><div class=\"fox-skeleton__line fox-skeleton__line--short fox-shimmer\"><\/div><div class=\"fox-skeleton__footer\"><div class=\"fox-skeleton__line fox-skeleton__line--price fox-shimmer\"><\/div><div class=\"fox-skeleton__line fox-skeleton__line--btn fox-shimmer\"><\/div><\/div><\/div><\/div><div class=\"fox-skeleton-card fox-skeleton-card--vertical\"><div class=\"fox-skeleton__image fox-skeleton__image--tall fox-shimmer\"><\/div><div class=\"fox-skeleton__body\"><div class=\"fox-skeleton__line fox-skeleton__line--title fox-shimmer\"><\/div><div class=\"fox-skeleton__line fox-skeleton__line--short fox-shimmer\"><\/div><div class=\"fox-skeleton__footer\"><div class=\"fox-skeleton__line fox-skeleton__line--price fox-shimmer\"><\/div><div class=\"fox-skeleton__line fox-skeleton__line--btn fox-shimmer\"><\/div><\/div><\/div><\/div><\/div>\n\n\n\n<h2><span class=\"ez-toc-section\" id=\"Niveau_des_serres_adossees\"><\/span>Niveau des serres adoss\u00e9es<span class=\"ez-toc-section-end\"><\/span><\/h2>\n\n\n\n<p>Une serre adoss\u00e9e est un type de serre attach\u00e9e \u00e0 une maison ou \u00e0 une autre structure en biais. La serre adoss\u00e9e peut \u00eatre construite de deux mani\u00e8res &#8211; soit comme une structure \u00e0 un niveau, soit comme une structure \u00e0 deux niveaux.<\/p>\n\n\n\n<h3><span class=\"ez-toc-section\" id=\"Niveau_unique\"><\/span>Niveau unique&nbsp;:<span class=\"ez-toc-section-end\"><\/span><\/h3>\n\n\n\n<p>Les serres en appentis \u00e0 un seul niveau sont construites \u00e0 la m\u00eame hauteur que la maison. Cela signifie que le toit de la serre sera au m\u00eame niveau que le toit de la maison. <\/p>\n\n\n\n<p>Les doubles portes de ce type de serre adoss\u00e9e doivent \u00eatre orient\u00e9es \u00e0 l&rsquo;oppos\u00e9 des vents dominants et des amoncellements de neige dominants.<\/p>\n\n\n\n<h3><span class=\"ez-toc-section\" id=\"Double_niveau\"><\/span>Double niveau&nbsp;:<span class=\"ez-toc-section-end\"><\/span><\/h3>\n\n\n\n<p>Les serres adoss\u00e9es \u00e0 deux niveaux sont construites avec une extr\u00e9mit\u00e9 plus haute que l&rsquo;autre, ce qui permet plus d&rsquo;espace de croissance au niveau du sol, tout en laissant beaucoup d&rsquo;espace libre.<\/p>\n\n\n\n<div class=\"fox-placeholder fox-search-placeholder fox-skeleton-wrap fox-skeleton-wrap--grid\" data-search=\"1\" data-cache-key=\"f7898fd7d974fe9cbd9b\" data-keyword=\"serre adoss\u00e9e\" data-node=\"\" data-locale=\"FR\" data-count=\"3\" data-sort=\"Featured\" data-layout=\"grid\" data-title=\"\" data-class=\"\" data-source=\"\" data-worker=\"1\"><div class=\"fox-skeleton-card fox-skeleton-card--vertical\"><div class=\"fox-skeleton__image fox-skeleton__image--tall fox-shimmer\"><\/div><div class=\"fox-skeleton__body\"><div class=\"fox-skeleton__line fox-skeleton__line--title fox-shimmer\"><\/div><div class=\"fox-skeleton__line fox-skeleton__line--short fox-shimmer\"><\/div><div class=\"fox-skeleton__footer\"><div class=\"fox-skeleton__line fox-skeleton__line--price fox-shimmer\"><\/div><div class=\"fox-skeleton__line fox-skeleton__line--btn fox-shimmer\"><\/div><\/div><\/div><\/div><div class=\"fox-skeleton-card fox-skeleton-card--vertical\"><div class=\"fox-skeleton__image fox-skeleton__image--tall fox-shimmer\"><\/div><div class=\"fox-skeleton__body\"><div class=\"fox-skeleton__line fox-skeleton__line--title fox-shimmer\"><\/div><div class=\"fox-skeleton__line fox-skeleton__line--short fox-shimmer\"><\/div><div class=\"fox-skeleton__footer\"><div class=\"fox-skeleton__line fox-skeleton__line--price fox-shimmer\"><\/div><div class=\"fox-skeleton__line fox-skeleton__line--btn fox-shimmer\"><\/div><\/div><\/div><\/div><div class=\"fox-skeleton-card fox-skeleton-card--vertical\"><div class=\"fox-skeleton__image fox-skeleton__image--tall fox-shimmer\"><\/div><div class=\"fox-skeleton__body\"><div class=\"fox-skeleton__line fox-skeleton__line--title fox-shimmer\"><\/div><div class=\"fox-skeleton__line fox-skeleton__line--short fox-shimmer\"><\/div><div class=\"fox-skeleton__footer\"><div class=\"fox-skeleton__line fox-skeleton__line--price fox-shimmer\"><\/div><div class=\"fox-skeleton__line fox-skeleton__line--btn fox-shimmer\"><\/div><\/div><\/div><\/div><\/div>\n\n\n\n<h2><span class=\"ez-toc-section\" id=\"Quel_doit-etre_lorientation_de_la_serre_adossee\"><\/span>Quel doit-\u00eatre l&rsquo;orientation de la serre adoss\u00e9e<span class=\"ez-toc-section-end\"><\/span><\/h2>\n\n\n\n<p>L&rsquo;orientation d&rsquo;une serre adoss\u00e9e d\u00e9pend du climat et du temps que vous souhaitez consacrer \u00e0 son entretien. Si vous vivez dans une r\u00e9gion o\u00f9 les hivers sont plus froids, vous devrez faire preuve de plus de diligence pour garder vos plantes au chaud et bien \u00e9clair\u00e9es pendant ces mois.<\/p>\n\n\n\n<p>Il vous faudra bien \u00e9videmment l\u2019installer obligatoirement sur le&nbsp;<strong>c\u00f4t\u00e9 sud de votre maison<\/strong>&nbsp;sous peine d\u2019une inutilit\u00e9 quasi-permanente de votre&nbsp;<strong>serre de jardin<\/strong>&nbsp;: vos plantes ont besoin du maximum de soleil et de chaleur, notamment en hiver.<\/p>\n\n\n\n<h5><span class=\"ez-toc-section\" id=\"Tout_sur_la_serre_de_jardin\"><\/span>Tout sur la serre de jardin :<span class=\"ez-toc-section-end\"><\/span><\/h5>\n\n\n\n<ul><li><a href=\"https:\/\/www.arrosagedujardin.fr\/guide\/chauffage-de-serre-de-jardin\/\">Chauffer votre serre de jardin<\/a><\/li><li><a href=\"https:\/\/www.arrosagedujardin.fr\/guide\/tout-savoir-sur-la-mini-serre-de-jardin\/\">Mini serre<\/a><\/li><li><a href=\"https:\/\/www.arrosagedujardin.fr\/guide\/serre-de-jardin-4-saison\/\">Cultures saisonni\u00e8res sous serre<\/a><\/li><li><a href=\"https:\/\/www.arrosagedujardin.fr\/guide\/installer-une-serre-de-jardin-verre-alu\/\">Installer une serre de jardin<\/a><\/li><li><a href=\"https:\/\/www.arrosagedujardin.fr\/guide\/quel-revetement-et-bache-votre-serre-de-jardin\/\">Rev\u00eatement ou b\u00e2che de serre<\/a><\/li><li><a href=\"https:\/\/www.arrosagedujardin.fr\/guide\/serre-tunnel\/\">Serre tunnel<\/a><\/li><\/ul>\n\n\n\n<p><\/p>\n","protected":false},"excerpt":{"rendered":"<p>Optez pour la serre adoss\u00e9e La&nbsp;serre adoss\u00e9e&nbsp;est un type de serre qui a un toit inclin\u00e9. Ce type de est souvent utilis\u00e9 dans les r\u00e9gions o\u00f9 le climat a des hivers froids et des \u00e9t\u00e9s doux. Elle peut \u00eatre une bonne id\u00e9e pour&nbsp;combiner&nbsp;serre de jardin&nbsp;et jardin d\u2019hiver&nbsp;contigu \u00e0 votre maison, pour profiter au mieux de [&hellip;]<\/p>\n","protected":false},"author":1,"featured_media":0,"parent":0,"menu_order":0,"comment_status":"open","ping_status":"open","template":"","meta":{"_links_to":"","_links_to_target":""},"yoast_head":"<!-- This site is optimized with the Yoast SEO plugin v20.6 - https:\/\/yoast.com\/wordpress\/plugins\/seo\/ -->\n<title>Optez pour la serre adoss\u00e9e<\/title>\n<meta name=\"robots\" content=\"index, follow, max-snippet:-1, max-image-preview:large, max-video-preview:-1\" \/>\n<link rel=\"canonical\" href=\"https:\/\/www.arrosagedujardin.fr\/guide\/serre-adossee\/\" \/>\n<meta property=\"og:locale\" content=\"fr_FR\" \/>\n<meta property=\"og:type\" content=\"article\" \/>\n<meta property=\"og:title\" content=\"Optez pour la serre adoss\u00e9e\" \/>\n<meta property=\"og:description\" content=\"Optez pour la serre adoss\u00e9e La&nbsp;serre adoss\u00e9e&nbsp;est un type de serre qui a un toit inclin\u00e9. Ce type de est souvent utilis\u00e9 dans les r\u00e9gions o\u00f9 le climat a des hivers froids et des \u00e9t\u00e9s doux. Elle peut \u00eatre une bonne id\u00e9e pour&nbsp;combiner&nbsp;serre de jardin&nbsp;et jardin d\u2019hiver&nbsp;contigu \u00e0 votre maison, pour profiter au mieux de [&hellip;]\" \/>\n<meta property=\"og:url\" content=\"https:\/\/www.arrosagedujardin.fr\/guide\/serre-adossee\/\" \/>\n<meta property=\"article:modified_time\" content=\"2026-02-16T18:29:26+00:00\" \/>\n<meta name=\"twitter:card\" content=\"summary_large_image\" \/>\n<meta name=\"twitter:label1\" content=\"Dur\u00e9e de lecture estim\u00e9e\" \/>\n\t<meta name=\"twitter:data1\" content=\"4 minutes\" \/>\n<script type=\"application\/ld+json\" class=\"yoast-schema-graph\">{\"@context\":\"https:\/\/schema.org\",\"@graph\":[{\"@type\":\"WebPage\",\"@id\":\"https:\/\/www.arrosagedujardin.fr\/guide\/serre-adossee\/\",\"url\":\"https:\/\/www.arrosagedujardin.fr\/guide\/serre-adossee\/\",\"name\":\"Optez pour la serre adoss\u00e9e\",\"isPartOf\":{\"@id\":\"https:\/\/www.arrosagedujardin.fr\/guide\/#website\"},\"datePublished\":\"2022-03-26T12:41:38+00:00\",\"dateModified\":\"2026-02-16T18:29:26+00:00\",\"breadcrumb\":{\"@id\":\"https:\/\/www.arrosagedujardin.fr\/guide\/serre-adossee\/#breadcrumb\"},\"inLanguage\":\"fr-FR\",\"potentialAction\":[{\"@type\":\"ReadAction\",\"target\":[\"https:\/\/www.arrosagedujardin.fr\/guide\/serre-adossee\/\"]}]},{\"@type\":\"BreadcrumbList\",\"@id\":\"https:\/\/www.arrosagedujardin.fr\/guide\/serre-adossee\/#breadcrumb\",\"itemListElement\":[{\"@type\":\"ListItem\",\"position\":1,\"name\":\"Home\",\"item\":\"https:\/\/www.arrosagedujardin.fr\/guide\/\"},{\"@type\":\"ListItem\",\"position\":2,\"name\":\"Optez pour la serre adoss\u00e9e\"}]},{\"@type\":\"WebSite\",\"@id\":\"https:\/\/www.arrosagedujardin.fr\/guide\/#website\",\"url\":\"https:\/\/www.arrosagedujardin.fr\/guide\/\",\"name\":\"\",\"description\":\"Guide sur l&#039;entretien et l&#039;arrosage du jardin\",\"potentialAction\":[{\"@type\":\"SearchAction\",\"target\":{\"@type\":\"EntryPoint\",\"urlTemplate\":\"https:\/\/www.arrosagedujardin.fr\/guide\/?s={search_term_string}\"},\"query-input\":\"required name=search_term_string\"}],\"inLanguage\":\"fr-FR\"}]}<\/script>\n<!-- \/ Yoast SEO plugin. -->","yoast_head_json":{"title":"Optez pour la serre adoss\u00e9e","robots":{"index":"index","follow":"follow","max-snippet":"max-snippet:-1","max-image-preview":"max-image-preview:large","max-video-preview":"max-video-preview:-1"},"canonical":"https:\/\/www.arrosagedujardin.fr\/guide\/serre-adossee\/","og_locale":"fr_FR","og_type":"article","og_title":"Optez pour la serre adoss\u00e9e","og_description":"Optez pour la serre adoss\u00e9e La&nbsp;serre adoss\u00e9e&nbsp;est un type de serre qui a un toit inclin\u00e9. Ce type de est souvent utilis\u00e9 dans les r\u00e9gions o\u00f9 le climat a des hivers froids et des \u00e9t\u00e9s doux. Elle peut \u00eatre une bonne id\u00e9e pour&nbsp;combiner&nbsp;serre de jardin&nbsp;et jardin d\u2019hiver&nbsp;contigu \u00e0 votre maison, pour profiter au mieux de [&hellip;]","og_url":"https:\/\/www.arrosagedujardin.fr\/guide\/serre-adossee\/","article_modified_time":"2026-02-16T18:29:26+00:00","twitter_card":"summary_large_image","twitter_misc":{"Dur\u00e9e de lecture estim\u00e9e":"4 minutes"},"schema":{"@context":"https:\/\/schema.org","@graph":[{"@type":"WebPage","@id":"https:\/\/www.arrosagedujardin.fr\/guide\/serre-adossee\/","url":"https:\/\/www.arrosagedujardin.fr\/guide\/serre-adossee\/","name":"Optez pour la serre adoss\u00e9e","isPartOf":{"@id":"https:\/\/www.arrosagedujardin.fr\/guide\/#website"},"datePublished":"2022-03-26T12:41:38+00:00","dateModified":"2026-02-16T18:29:26+00:00","breadcrumb":{"@id":"https:\/\/www.arrosagedujardin.fr\/guide\/serre-adossee\/#breadcrumb"},"inLanguage":"fr-FR","potentialAction":[{"@type":"ReadAction","target":["https:\/\/www.arrosagedujardin.fr\/guide\/serre-adossee\/"]}]},{"@type":"BreadcrumbList","@id":"https:\/\/www.arrosagedujardin.fr\/guide\/serre-adossee\/#breadcrumb","itemListElement":[{"@type":"ListItem","position":1,"name":"Home","item":"https:\/\/www.arrosagedujardin.fr\/guide\/"},{"@type":"ListItem","position":2,"name":"Optez pour la serre adoss\u00e9e"}]},{"@type":"WebSite","@id":"https:\/\/www.arrosagedujardin.fr\/guide\/#website","url":"https:\/\/www.arrosagedujardin.fr\/guide\/","name":"","description":"Guide sur l&#039;entretien et l&#039;arrosage du jardin","potentialAction":[{"@type":"SearchAction","target":{"@type":"EntryPoint","urlTemplate":"https:\/\/www.arrosagedujardin.fr\/guide\/?s={search_term_string}"},"query-input":"required name=search_term_string"}],"inLanguage":"fr-FR"}]}},"_links":{"self":[{"href":"https:\/\/www.arrosagedujardin.fr\/guide\/wp-json\/wp\/v2\/pages\/6198"}],"collection":[{"href":"https:\/\/www.arrosagedujardin.fr\/guide\/wp-json\/wp\/v2\/pages"}],"about":[{"href":"https:\/\/www.arrosagedujardin.fr\/guide\/wp-json\/wp\/v2\/types\/page"}],"author":[{"embeddable":true,"href":"https:\/\/www.arrosagedujardin.fr\/guide\/wp-json\/wp\/v2\/users\/1"}],"replies":[{"embeddable":true,"href":"https:\/\/www.arrosagedujardin.fr\/guide\/wp-json\/wp\/v2\/comments?post=6198"}],"version-history":[{"count":14,"href":"https:\/\/www.arrosagedujardin.fr\/guide\/wp-json\/wp\/v2\/pages\/6198\/revisions"}],"predecessor-version":[{"id":8100,"href":"https:\/\/www.arrosagedujardin.fr\/guide\/wp-json\/wp\/v2\/pages\/6198\/revisions\/8100"}],"wp:attachment":[{"href":"https:\/\/www.arrosagedujardin.fr\/guide\/wp-json\/wp\/v2\/media?parent=6198"}],"curies":[{"name":"wp","href":"https:\/\/api.w.org\/{rel}","templated":true}]}}