{"id":6207,"date":"2022-04-02T13:58:07","date_gmt":"2022-04-02T13:58:07","guid":{"rendered":"https:\/\/www.arrosagedujardin.fr\/guide\/?p=6207"},"modified":"2026-02-16T18:29:23","modified_gmt":"2026-02-16T18:29:23","slug":"reglementation-des-abris-de-jardins","status":"publish","type":"page","link":"https:\/\/www.arrosagedujardin.fr\/guide\/reglementation-des-abris-de-jardins\/","title":{"rendered":"Le point sur la r\u00e9glementation des abris de jardins"},"content":{"rendered":"\n<h1><span class=\"ez-toc-section\" id=\"Quelle_est_la_reglementation_sur_les_abris_de_jardins\"><\/span>Quelle est la r\u00e9glementation sur les abris de jardins<span class=\"ez-toc-section-end\"><\/span><\/h1>\n\n\n\n<p>L\u2019engouement pour les&nbsp;abris de jardin&nbsp;et&nbsp;serre de jardin&nbsp;ne se d\u00e9ment pas, c\u2019est donc l\u2019occasion de faire le point sur la&nbsp;<strong>l\u00e9gislation<\/strong>&nbsp;concernant leur installation.<\/p>\n\n\n\n<p>Que doit-je faire si je veux construire ou installer un <a href=\"https:\/\/www.arrosagedujardin.fr\/guide\/abri-de-jardin\/\">abri de jardin<\/a> ? Nous tenterons d&rsquo;y r\u00e9pondre dans cet article.<\/p>\n\n\n\n<div id=\"ez-toc-container\" class=\"ez-toc-v2_0_71 counter-hierarchy ez-toc-counter ez-toc-grey ez-toc-container-direction\">\n<div class=\"ez-toc-title-container\">\n<p class=\"ez-toc-title\" style=\"cursor:inherit\">Sommaire<\/p>\n<span class=\"ez-toc-title-toggle\"><a href=\"#\" class=\"ez-toc-pull-right ez-toc-btn ez-toc-btn-xs ez-toc-btn-default ez-toc-toggle\" aria-label=\"Toggle Table of Content\"><span class=\"ez-toc-js-icon-con\"><span class=\"\"><span class=\"eztoc-hide\" style=\"display:none;\">Toggle<\/span><span class=\"ez-toc-icon-toggle-span\"><svg style=\"fill: #999;color:#999\" xmlns=\"http:\/\/www.w3.org\/2000\/svg\" class=\"list-377408\" width=\"20px\" height=\"20px\" viewBox=\"0 0 24 24\" fill=\"none\"><path d=\"M6 6H4v2h2V6zm14 0H8v2h12V6zM4 11h2v2H4v-2zm16 0H8v2h12v-2zM4 16h2v2H4v-2zm16 0H8v2h12v-2z\" fill=\"currentColor\"><\/path><\/svg><svg style=\"fill: #999;color:#999\" class=\"arrow-unsorted-368013\" xmlns=\"http:\/\/www.w3.org\/2000\/svg\" width=\"10px\" height=\"10px\" viewBox=\"0 0 24 24\" version=\"1.2\" baseProfile=\"tiny\"><path d=\"M18.2 9.3l-6.2-6.3-6.2 6.3c-.2.2-.3.4-.3.7s.1.5.3.7c.2.2.4.3.7.3h11c.3 0 .5-.1.7-.3.2-.2.3-.5.3-.7s-.1-.5-.3-.7zM5.8 14.7l6.2 6.3 6.2-6.3c.2-.2.3-.5.3-.7s-.1-.5-.3-.7c-.2-.2-.4-.3-.7-.3h-11c-.3 0-.5.1-.7.3-.2.2-.3.5-.3.7s.1.5.3.7z\"\/><\/svg><\/span><\/span><\/span><\/a><\/span><\/div>\n<nav><ul class='ez-toc-list ez-toc-list-level-1 eztoc-toggle-hide-by-default' ><li class='ez-toc-page-1 ez-toc-heading-level-1'><a class=\"ez-toc-link ez-toc-heading-1\" href=\"https:\/\/www.arrosagedujardin.fr\/guide\/reglementation-des-abris-de-jardins\/#Quelle_est_la_reglementation_sur_les_abris_de_jardins\" title=\"Quelle est la r\u00e9glementation sur les abris de jardins\">Quelle est la r\u00e9glementation sur les abris de jardins<\/a><ul class='ez-toc-list-level-2' ><li class='ez-toc-heading-level-2'><a class=\"ez-toc-link ez-toc-heading-2\" href=\"https:\/\/www.arrosagedujardin.fr\/guide\/reglementation-des-abris-de-jardins\/#Quelle_reglementation_avant_dinstaller_son_abri_de_jardin\" title=\"Quelle r\u00e9glementation avant d\u2019installer son abri de jardin ?\">Quelle r\u00e9glementation avant d\u2019installer son abri de jardin ?<\/a><\/li><li class='ez-toc-page-1 ez-toc-heading-level-2'><a class=\"ez-toc-link ez-toc-heading-3\" href=\"https:\/\/www.arrosagedujardin.fr\/guide\/reglementation-des-abris-de-jardins\/#Le_dossier_de_permis_de_construire\" title=\"Le dossier de permis de construire\">Le dossier de permis de construire<\/a><ul class='ez-toc-list-level-6' ><li class='ez-toc-heading-level-6'><ul class='ez-toc-list-level-6' ><li class='ez-toc-heading-level-6'><ul class='ez-toc-list-level-6' ><li class='ez-toc-heading-level-6'><ul class='ez-toc-list-level-6' ><li class='ez-toc-heading-level-6'><a class=\"ez-toc-link ez-toc-heading-4\" href=\"https:\/\/www.arrosagedujardin.fr\/guide\/reglementation-des-abris-de-jardins\/#Sur_le_meme_sujet\" title=\"Sur le m\u00eame sujet\">Sur le m\u00eame sujet<\/a><\/li><\/ul><\/li><\/ul><\/li><\/ul><\/li><\/ul><\/li><\/ul><\/li><\/ul><\/nav><\/div>\n\n\n\n\n<h2><span class=\"ez-toc-section\" id=\"Quelle_reglementation_avant_dinstaller_son_abri_de_jardin\"><\/span>Quelle r\u00e9glementation avant d\u2019installer son abri de jardin ?<span class=\"ez-toc-section-end\"><\/span><\/h2>\n\n\n\n<p>Une simple&nbsp;<strong>d\u00e9claration pr\u00e9alable de travaux<\/strong>&nbsp;est suffisante pour un abri ne d\u00e9passant pas<strong>&nbsp;20m\u00b2<\/strong>&nbsp;de surface.<\/p>\n\n\n\n<p>En revanche, un<strong>&nbsp;abri de jardin<\/strong>&nbsp;d\u2019une&nbsp;<strong>surface \u00e9gale ou sup\u00e9rieure \u00e0 20m\u00b2<\/strong>&nbsp;n\u00e9cessite l\u2019obtention d\u2019<strong>un permis de construire,&nbsp;<\/strong>chose \u00e0 savoir avant de commencer \u00e0&nbsp;entretenir son jardin<strong>.<\/strong><\/p>\n\n\n\n<h2><span class=\"ez-toc-section\" id=\"Le_dossier_de_permis_de_construire\"><\/span>Le dossier de permis de construire<span class=\"ez-toc-section-end\"><\/span><\/h2>\n\n\n\n<p>Pour votre information, un dossier de permis de construire doit \u00eatre demand\u00e9 \u00e0 la mairie concern\u00e9e. Il doit contenir :<\/p>\n\n\n\n<ul><li>un plan de situation du terrain,<\/li><li>un plan de masse\u00a0 des constructions \u00e0 \u00e9difier ou \u00e0 modifier,<\/li><li>un plan de coupe du terrain et de la construction,<\/li><li>une notice d\u00e9crivant le terrain et pr\u00e9sentant le projet,<\/li><li>un plan des fa\u00e7ades et des toitures,<\/li><li>une photographie permettant de situer le terrain dans l\u2019environnement proche et dans le paysage.<\/li><li>formulaire\u00a0Cerfa n\u00b013406*01\u00a0ou\u00a0Cerfa n\u00b013409*01\u00a0(en cas de d\u00e9molition)<\/li><\/ul>\n\n\n\n<p>Ce sont des informations \u00e0 titre informatifs, se renseigner aupr\u00e8s de sa mairie est la meilleure mani\u00e8re d&rsquo;avoir les derni\u00e8res d\u00e9marches fiables.<\/p>\n\n\n\n<h6><span class=\"ez-toc-section\" id=\"Sur_le_meme_sujet\"><\/span>Sur le m\u00eame sujet<span class=\"ez-toc-section-end\"><\/span><\/h6>\n\n\n\n<a href=\"https:\/\/www.arrosagedujardin.fr\/guide\/entretenir-son-abri-de-jardin\/\">Entretenir son abri de jardin<\/a>\n\n\n\n<div class=\"fox-placeholder fox-search-placeholder fox-skeleton-wrap fox-skeleton-wrap--grid\" data-search=\"1\" data-cache-key=\"d88f7bce2a11b59951e9\" data-keyword=\"abri de jardin\" data-node=\"\" data-locale=\"FR\" data-count=\"8\" data-sort=\"Featured\" data-layout=\"grid\" data-title=\"\" data-class=\"\" data-source=\"\" data-worker=\"1\"><div class=\"fox-skeleton-card fox-skeleton-card--vertical\"><div class=\"fox-skeleton__image fox-skeleton__image--tall fox-shimmer\"><\/div><div class=\"fox-skeleton__body\"><div class=\"fox-skeleton__line fox-skeleton__line--title fox-shimmer\"><\/div><div class=\"fox-skeleton__line fox-skeleton__line--short fox-shimmer\"><\/div><div class=\"fox-skeleton__footer\"><div class=\"fox-skeleton__line fox-skeleton__line--price fox-shimmer\"><\/div><div class=\"fox-skeleton__line fox-skeleton__line--btn fox-shimmer\"><\/div><\/div><\/div><\/div><div class=\"fox-skeleton-card fox-skeleton-card--vertical\"><div class=\"fox-skeleton__image fox-skeleton__image--tall fox-shimmer\"><\/div><div class=\"fox-skeleton__body\"><div class=\"fox-skeleton__line fox-skeleton__line--title fox-shimmer\"><\/div><div class=\"fox-skeleton__line fox-skeleton__line--short fox-shimmer\"><\/div><div class=\"fox-skeleton__footer\"><div class=\"fox-skeleton__line fox-skeleton__line--price fox-shimmer\"><\/div><div class=\"fox-skeleton__line fox-skeleton__line--btn fox-shimmer\"><\/div><\/div><\/div><\/div><div class=\"fox-skeleton-card fox-skeleton-card--vertical\"><div class=\"fox-skeleton__image fox-skeleton__image--tall fox-shimmer\"><\/div><div class=\"fox-skeleton__body\"><div class=\"fox-skeleton__line fox-skeleton__line--title fox-shimmer\"><\/div><div class=\"fox-skeleton__line fox-skeleton__line--short fox-shimmer\"><\/div><div class=\"fox-skeleton__footer\"><div class=\"fox-skeleton__line fox-skeleton__line--price fox-shimmer\"><\/div><div class=\"fox-skeleton__line fox-skeleton__line--btn fox-shimmer\"><\/div><\/div><\/div><\/div><div class=\"fox-skeleton-card fox-skeleton-card--vertical\"><div class=\"fox-skeleton__image fox-skeleton__image--tall fox-shimmer\"><\/div><div class=\"fox-skeleton__body\"><div class=\"fox-skeleton__line fox-skeleton__line--title fox-shimmer\"><\/div><div class=\"fox-skeleton__line fox-skeleton__line--short fox-shimmer\"><\/div><div class=\"fox-skeleton__footer\"><div class=\"fox-skeleton__line fox-skeleton__line--price fox-shimmer\"><\/div><div class=\"fox-skeleton__line fox-skeleton__line--btn fox-shimmer\"><\/div><\/div><\/div><\/div><div class=\"fox-skeleton-card fox-skeleton-card--vertical\"><div class=\"fox-skeleton__image fox-skeleton__image--tall fox-shimmer\"><\/div><div class=\"fox-skeleton__body\"><div class=\"fox-skeleton__line fox-skeleton__line--title fox-shimmer\"><\/div><div class=\"fox-skeleton__line fox-skeleton__line--short fox-shimmer\"><\/div><div class=\"fox-skeleton__footer\"><div class=\"fox-skeleton__line fox-skeleton__line--price fox-shimmer\"><\/div><div class=\"fox-skeleton__line fox-skeleton__line--btn fox-shimmer\"><\/div><\/div><\/div><\/div><div class=\"fox-skeleton-card fox-skeleton-card--vertical\"><div class=\"fox-skeleton__image fox-skeleton__image--tall fox-shimmer\"><\/div><div class=\"fox-skeleton__body\"><div class=\"fox-skeleton__line fox-skeleton__line--title fox-shimmer\"><\/div><div class=\"fox-skeleton__line fox-skeleton__line--short fox-shimmer\"><\/div><div class=\"fox-skeleton__footer\"><div class=\"fox-skeleton__line fox-skeleton__line--price fox-shimmer\"><\/div><div class=\"fox-skeleton__line fox-skeleton__line--btn fox-shimmer\"><\/div><\/div><\/div><\/div><div class=\"fox-skeleton-card fox-skeleton-card--vertical\"><div class=\"fox-skeleton__image fox-skeleton__image--tall fox-shimmer\"><\/div><div class=\"fox-skeleton__body\"><div class=\"fox-skeleton__line fox-skeleton__line--title fox-shimmer\"><\/div><div class=\"fox-skeleton__line fox-skeleton__line--short fox-shimmer\"><\/div><div class=\"fox-skeleton__footer\"><div class=\"fox-skeleton__line fox-skeleton__line--price fox-shimmer\"><\/div><div class=\"fox-skeleton__line fox-skeleton__line--btn fox-shimmer\"><\/div><\/div><\/div><\/div><div class=\"fox-skeleton-card fox-skeleton-card--vertical\"><div class=\"fox-skeleton__image fox-skeleton__image--tall fox-shimmer\"><\/div><div class=\"fox-skeleton__body\"><div class=\"fox-skeleton__line fox-skeleton__line--title fox-shimmer\"><\/div><div class=\"fox-skeleton__line fox-skeleton__line--short fox-shimmer\"><\/div><div class=\"fox-skeleton__footer\"><div class=\"fox-skeleton__line fox-skeleton__line--price fox-shimmer\"><\/div><div class=\"fox-skeleton__line fox-skeleton__line--btn fox-shimmer\"><\/div><\/div><\/div><\/div><\/div>\n\n\n\n<p><\/p>\n","protected":false},"excerpt":{"rendered":"<p>Quelle est la r\u00e9glementation sur les abris de jardins L\u2019engouement pour les&nbsp;abris de jardin&nbsp;et&nbsp;serre de jardin&nbsp;ne se d\u00e9ment pas, c\u2019est donc l\u2019occasion de faire le point sur la&nbsp;l\u00e9gislation&nbsp;concernant leur installation. Que doit-je faire si je veux construire ou installer un ? Nous tenterons d&rsquo;y r\u00e9pondre dans cet article. Quelle r\u00e9glementation avant d\u2019installer son abri de [&hellip;]<\/p>\n","protected":false},"author":1,"featured_media":0,"parent":0,"menu_order":0,"comment_status":"open","ping_status":"open","template":"","meta":{"_links_to":"","_links_to_target":""},"yoast_head":"<!-- This site is optimized with the Yoast SEO plugin v20.6 - https:\/\/yoast.com\/wordpress\/plugins\/seo\/ -->\n<title>Le point sur la r\u00e9glementation des abris de jardins<\/title>\n<meta name=\"robots\" content=\"index, follow, max-snippet:-1, max-image-preview:large, max-video-preview:-1\" \/>\n<link rel=\"canonical\" href=\"https:\/\/www.arrosagedujardin.fr\/guide\/reglementation-des-abris-de-jardins\/\" \/>\n<meta property=\"og:locale\" content=\"fr_FR\" \/>\n<meta property=\"og:type\" content=\"article\" \/>\n<meta property=\"og:title\" content=\"Le point sur la r\u00e9glementation des abris de jardins\" \/>\n<meta property=\"og:description\" content=\"Quelle est la r\u00e9glementation sur les abris de jardins L\u2019engouement pour les&nbsp;abris de jardin&nbsp;et&nbsp;serre de jardin&nbsp;ne se d\u00e9ment pas, c\u2019est donc l\u2019occasion de faire le point sur la&nbsp;l\u00e9gislation&nbsp;concernant leur installation. Que doit-je faire si je veux construire ou installer un ? Nous tenterons d&rsquo;y r\u00e9pondre dans cet article. Quelle r\u00e9glementation avant d\u2019installer son abri de [&hellip;]\" \/>\n<meta property=\"og:url\" content=\"https:\/\/www.arrosagedujardin.fr\/guide\/reglementation-des-abris-de-jardins\/\" \/>\n<meta property=\"article:modified_time\" content=\"2026-02-16T18:29:23+00:00\" \/>\n<meta name=\"twitter:card\" content=\"summary_large_image\" \/>\n<meta name=\"twitter:label1\" content=\"Dur\u00e9e de lecture estim\u00e9e\" \/>\n\t<meta name=\"twitter:data1\" content=\"2 minutes\" \/>\n<script type=\"application\/ld+json\" class=\"yoast-schema-graph\">{\"@context\":\"https:\/\/schema.org\",\"@graph\":[{\"@type\":\"WebPage\",\"@id\":\"https:\/\/www.arrosagedujardin.fr\/guide\/reglementation-des-abris-de-jardins\/\",\"url\":\"https:\/\/www.arrosagedujardin.fr\/guide\/reglementation-des-abris-de-jardins\/\",\"name\":\"Le point sur la r\u00e9glementation des abris de jardins\",\"isPartOf\":{\"@id\":\"https:\/\/www.arrosagedujardin.fr\/guide\/#website\"},\"datePublished\":\"2022-04-02T13:58:07+00:00\",\"dateModified\":\"2026-02-16T18:29:23+00:00\",\"breadcrumb\":{\"@id\":\"https:\/\/www.arrosagedujardin.fr\/guide\/reglementation-des-abris-de-jardins\/#breadcrumb\"},\"inLanguage\":\"fr-FR\",\"potentialAction\":[{\"@type\":\"ReadAction\",\"target\":[\"https:\/\/www.arrosagedujardin.fr\/guide\/reglementation-des-abris-de-jardins\/\"]}]},{\"@type\":\"BreadcrumbList\",\"@id\":\"https:\/\/www.arrosagedujardin.fr\/guide\/reglementation-des-abris-de-jardins\/#breadcrumb\",\"itemListElement\":[{\"@type\":\"ListItem\",\"position\":1,\"name\":\"Home\",\"item\":\"https:\/\/www.arrosagedujardin.fr\/guide\/\"},{\"@type\":\"ListItem\",\"position\":2,\"name\":\"Le point sur la r\u00e9glementation des abris de jardins\"}]},{\"@type\":\"WebSite\",\"@id\":\"https:\/\/www.arrosagedujardin.fr\/guide\/#website\",\"url\":\"https:\/\/www.arrosagedujardin.fr\/guide\/\",\"name\":\"\",\"description\":\"Guide sur l&#039;entretien et l&#039;arrosage du jardin\",\"potentialAction\":[{\"@type\":\"SearchAction\",\"target\":{\"@type\":\"EntryPoint\",\"urlTemplate\":\"https:\/\/www.arrosagedujardin.fr\/guide\/?s={search_term_string}\"},\"query-input\":\"required name=search_term_string\"}],\"inLanguage\":\"fr-FR\"}]}<\/script>\n<!-- \/ Yoast SEO plugin. -->","yoast_head_json":{"title":"Le point sur la r\u00e9glementation des abris de jardins","robots":{"index":"index","follow":"follow","max-snippet":"max-snippet:-1","max-image-preview":"max-image-preview:large","max-video-preview":"max-video-preview:-1"},"canonical":"https:\/\/www.arrosagedujardin.fr\/guide\/reglementation-des-abris-de-jardins\/","og_locale":"fr_FR","og_type":"article","og_title":"Le point sur la r\u00e9glementation des abris de jardins","og_description":"Quelle est la r\u00e9glementation sur les abris de jardins L\u2019engouement pour les&nbsp;abris de jardin&nbsp;et&nbsp;serre de jardin&nbsp;ne se d\u00e9ment pas, c\u2019est donc l\u2019occasion de faire le point sur la&nbsp;l\u00e9gislation&nbsp;concernant leur installation. Que doit-je faire si je veux construire ou installer un ? Nous tenterons d&rsquo;y r\u00e9pondre dans cet article. Quelle r\u00e9glementation avant d\u2019installer son abri de [&hellip;]","og_url":"https:\/\/www.arrosagedujardin.fr\/guide\/reglementation-des-abris-de-jardins\/","article_modified_time":"2026-02-16T18:29:23+00:00","twitter_card":"summary_large_image","twitter_misc":{"Dur\u00e9e de lecture estim\u00e9e":"2 minutes"},"schema":{"@context":"https:\/\/schema.org","@graph":[{"@type":"WebPage","@id":"https:\/\/www.arrosagedujardin.fr\/guide\/reglementation-des-abris-de-jardins\/","url":"https:\/\/www.arrosagedujardin.fr\/guide\/reglementation-des-abris-de-jardins\/","name":"Le point sur la r\u00e9glementation des abris de jardins","isPartOf":{"@id":"https:\/\/www.arrosagedujardin.fr\/guide\/#website"},"datePublished":"2022-04-02T13:58:07+00:00","dateModified":"2026-02-16T18:29:23+00:00","breadcrumb":{"@id":"https:\/\/www.arrosagedujardin.fr\/guide\/reglementation-des-abris-de-jardins\/#breadcrumb"},"inLanguage":"fr-FR","potentialAction":[{"@type":"ReadAction","target":["https:\/\/www.arrosagedujardin.fr\/guide\/reglementation-des-abris-de-jardins\/"]}]},{"@type":"BreadcrumbList","@id":"https:\/\/www.arrosagedujardin.fr\/guide\/reglementation-des-abris-de-jardins\/#breadcrumb","itemListElement":[{"@type":"ListItem","position":1,"name":"Home","item":"https:\/\/www.arrosagedujardin.fr\/guide\/"},{"@type":"ListItem","position":2,"name":"Le point sur la r\u00e9glementation des abris de jardins"}]},{"@type":"WebSite","@id":"https:\/\/www.arrosagedujardin.fr\/guide\/#website","url":"https:\/\/www.arrosagedujardin.fr\/guide\/","name":"","description":"Guide sur l&#039;entretien et l&#039;arrosage du jardin","potentialAction":[{"@type":"SearchAction","target":{"@type":"EntryPoint","urlTemplate":"https:\/\/www.arrosagedujardin.fr\/guide\/?s={search_term_string}"},"query-input":"required name=search_term_string"}],"inLanguage":"fr-FR"}]}},"_links":{"self":[{"href":"https:\/\/www.arrosagedujardin.fr\/guide\/wp-json\/wp\/v2\/pages\/6207"}],"collection":[{"href":"https:\/\/www.arrosagedujardin.fr\/guide\/wp-json\/wp\/v2\/pages"}],"about":[{"href":"https:\/\/www.arrosagedujardin.fr\/guide\/wp-json\/wp\/v2\/types\/page"}],"author":[{"embeddable":true,"href":"https:\/\/www.arrosagedujardin.fr\/guide\/wp-json\/wp\/v2\/users\/1"}],"replies":[{"embeddable":true,"href":"https:\/\/www.arrosagedujardin.fr\/guide\/wp-json\/wp\/v2\/comments?post=6207"}],"version-history":[{"count":9,"href":"https:\/\/www.arrosagedujardin.fr\/guide\/wp-json\/wp\/v2\/pages\/6207\/revisions"}],"predecessor-version":[{"id":8093,"href":"https:\/\/www.arrosagedujardin.fr\/guide\/wp-json\/wp\/v2\/pages\/6207\/revisions\/8093"}],"wp:attachment":[{"href":"https:\/\/www.arrosagedujardin.fr\/guide\/wp-json\/wp\/v2\/media?parent=6207"}],"curies":[{"name":"wp","href":"https:\/\/api.w.org\/{rel}","templated":true}]}}